

{"id":1032,"date":"2022-01-25T09:33:35","date_gmt":"2022-01-25T08:33:35","guid":{"rendered":"http:\/\/tatoulu.org\/?page_id=1032"},"modified":"2025-08-25T14:28:03","modified_gmt":"2025-08-25T12:28:03","slug":"modalites-dadhesion-a-tatoulu","status":"publish","type":"page","link":"https:\/\/tatoulu.org\/index.php\/modalites-dadhesion-a-tatoulu\/","title":{"rendered":"Modalit\u00e9s d&rsquo;inscription au prix  Tatoulu"},"content":{"rendered":"\n<p class=\"has-medium-font-size\"><strong>Principe<\/strong><\/p>\n\n\n\n<p>L&rsquo;inscription au prix Tatoulu est effectu\u00e9e par les adultes qui souhaitent accompagner un ou plusieurs groupes de jeunes pour participer au prix Tatoulu pendant une ann\u00e9e scolaire.<\/p>\n\n\n\n<p>En r\u00e8gle g\u00e9n\u00e9rale, cet accompagnement <em>(m\u00e9diation)<\/em> se fait dans le cadre d&rsquo;un \u00e9tablissement scolaire ou culturel qui prend en charge les frais d&rsquo;inscription.<\/p>\n\n\n\n<p>Cette inscription tient lieu d&rsquo;adh\u00e9sion \u00e0 l&rsquo;association Tatoulu <em>(contactez l&rsquo;association pour une adh\u00e9sion hors m\u00e9diation).<\/em><\/p>\n\n\n\n<p class=\"has-medium-font-size\"><strong>Modalit\u00e9s<\/strong><\/p>\n\n\n\n<p>L&rsquo;inscription se fait en deux temps : <\/p>\n\n\n\n<p>&#8211; dans un premier temps, les accompagnants <em>(m\u00e9diateurs)<\/em> s&rsquo;inscrivent individuellement sur le site \u00e0 l&rsquo;aide du formulaire mis \u00e0 leur disposition. Les inscriptions sont ouvertes de d\u00e9but septembre \u00e0 fin octobre <em>(contacte<\/em>r<em> l&rsquo;association pour une inscription hors p\u00e9riode)<\/em>.<\/p>\n\n\n\n<p> &#8211; apr\u00e8s cl\u00f4ture des inscriptions individuelles, Tatoulu regroupe les inscriptions des m\u00e9diateurs par \u00e9tablissement <em>(lorsque ces derniers prennent en charge les frais d&rsquo;adh\u00e9sion)<\/em> et leur transmet une facture globale.<\/p>\n\n\n\n<p><em>(les m\u00e9diateurs qui paient leur inscription re\u00e7oivent directement la facture)<\/em><\/p>\n\n\n\n<p class=\"has-medium-font-size\"><strong>Tarifs<\/strong><\/p>\n\n\n\n<p>Le montant de l&rsquo;inscription au prix Tatoulu est de 110 \u20ac (25 \u20ac d&rsquo;adh\u00e9sion de base + 85 \u20ac de livres).<\/p>\n\n\n\n<p>Ce montant de 110 \u20ac donne droit aux 6 livres en comp\u00e9tition dans la s\u00e9rie choisie par le m\u00e9diateur <em>(chaque s\u00e9rie correspond \u00e0 une classe ou \u00e0 une tranche d&rsquo;age)<\/em>, ainsi qu&rsquo;\u00e0 4 sessions de formation \u00e0 la m\u00e9diation dispens\u00e9e par l&rsquo;association Tatoulu au cours de l&rsquo;ann\u00e9e scolaire.<\/p>\n\n\n\n<p>Il est possible de commander des lots de livres suppl\u00e9mentaires \u00e0 prix coutant.<\/p>\n\n\n\n<p>Il est possible de ne pas commander de livres <em>(cas par exemple d&rsquo;une personne intervenant en co-animation avec un autre m\u00e9diateur)<\/em>. Dans ce cas, seule l&rsquo;adh\u00e9sion de base de 25 \u20ac sera factur\u00e9e. La personne inscrite pourra cependant participer aux sessions de formation au m\u00eame titre que le m\u00e9diateur principal.<\/p>\n\n\n\n<p>Un m\u00e9diateur qui suit plusieurs groupes de m\u00eame niveau dans un m\u00eame \u00e9tablissement doit s&rsquo;inscrire une seule fois globalement pour l&rsquo;ensemble des participants de ces groupes.<\/p>\n\n\n\n<p>Un m\u00e9diateur qui suit des groupes de niveaux diff\u00e9rents doit s&rsquo;inscrire pour chaque niveau <em>(s&rsquo;il les suit au sein d&rsquo;un m\u00eame \u00e9tablissement, les inscriptions suppl\u00e9mentaires seront factur\u00e9es <em><em><em>\u00e0 l&rsquo;\u00e9tablissement<\/em><\/em><\/em> 85 \u20ac au lieu de 110 \u20ac).<\/em><\/p>\n\n\n\n<p>Quel que soit le type d&rsquo;adh\u00e9sion, la participation optionnelle au Comit\u00e9 de Lecture se fait sans suppl\u00e9ment de prix.<\/p>\n\n\n\n<p>Trois modes de paiement sont propos\u00e9s&nbsp;: ch\u00e8que, virement bancaire, mandat administratif <em>(un RIB est joint \u00e0 la facture pour les r\u00e8glements par virement bancaire ou un mandat administratif).<\/em><\/p>\n\n\n\n<p>Pour obtenir un devis pr\u00e9alablement \u00e0 la facturation, faire une demande par mail \u00e0 l&rsquo;association Tatoulu.<\/p>\n\n\n\n<p class=\"has-medium-font-size\"><strong>Formulaire d&rsquo;adh\u00e9sion<\/strong><\/p>\n\n\n\n<p>Le formulaire \u00ab&nbsp;se d\u00e9plie&nbsp;\u00bb au fur et \u00e0 mesure de son remplissage en fonction des choix qui sont faits.<\/p>\n\n\n\n<p>Pour faciliter la facturation des frais d&rsquo;inscriptions aux \u00e9tablissements, il est important de saisir correctement les coordonn\u00e9es des \u00e9tablissement, <strong>et en particulier son adresse mail <em>(indiquer de pr\u00e9f\u00e9rence l&rsquo;adresse mail officielle attribu\u00e9e par l&rsquo;Inspection Acad\u00e9mique)<\/em>.<\/strong><\/p>\n\n\n\n<p>En cas de difficult\u00e9 ou pour plus de pr\u00e9cision, contactez l\u2019\u00e9quipe de TATOULU&nbsp;par mail adress\u00e9 \u00e0  : t<em>atoulu@tatoulu.org.<\/em><\/p>\n","protected":false},"excerpt":{"rendered":"<p>Principe L&rsquo;inscription au prix Tatoulu est effectu\u00e9e par les adultes qui souhaitent accompagner un ou plusieurs groupes de jeunes pour participer au prix Tatoulu pendant une ann\u00e9e scolaire. En r\u00e8gle g\u00e9n\u00e9rale, cet accompagnement (m\u00e9diation) se fait dans le cadre d&rsquo;un \u00e9tablissement scolaire ou culturel qui prend en charge les frais d&rsquo;inscription. Cette inscription tient lieu &hellip; <a href=\"https:\/\/tatoulu.org\/index.php\/modalites-dadhesion-a-tatoulu\/\" class=\"more-link\">Continuer la lecture<span class=\"screen-reader-text\"> de &laquo;&nbsp;Modalit\u00e9s d&rsquo;inscription au prix  Tatoulu&nbsp;&raquo;<\/span><\/a><\/p>\n","protected":false},"author":5,"featured_media":0,"parent":0,"menu_order":0,"comment_status":"closed","ping_status":"closed","template":"","meta":{"footnotes":""},"class_list":["post-1032","page","type-page","status-publish","hentry"],"_links":{"self":[{"href":"https:\/\/tatoulu.org\/index.php\/wp-json\/wp\/v2\/pages\/1032","targetHints":{"allow":["GET"]}}],"collection":[{"href":"https:\/\/tatoulu.org\/index.php\/wp-json\/wp\/v2\/pages"}],"about":[{"href":"https:\/\/tatoulu.org\/index.php\/wp-json\/wp\/v2\/types\/page"}],"author":[{"embeddable":true,"href":"https:\/\/tatoulu.org\/index.php\/wp-json\/wp\/v2\/users\/5"}],"replies":[{"embeddable":true,"href":"https:\/\/tatoulu.org\/index.php\/wp-json\/wp\/v2\/comments?post=1032"}],"version-history":[{"count":23,"href":"https:\/\/tatoulu.org\/index.php\/wp-json\/wp\/v2\/pages\/1032\/revisions"}],"predecessor-version":[{"id":2104,"href":"https:\/\/tatoulu.org\/index.php\/wp-json\/wp\/v2\/pages\/1032\/revisions\/2104"}],"wp:attachment":[{"href":"https:\/\/tatoulu.org\/index.php\/wp-json\/wp\/v2\/media?parent=1032"}],"curies":[{"name":"wp","href":"https:\/\/api.w.org\/{rel}","templated":true}]}}