

{"id":1038,"date":"2022-01-25T10:11:46","date_gmt":"2022-01-25T09:11:46","guid":{"rendered":"http:\/\/tatoulu.org\/?page_id=1038"},"modified":"2023-05-07T09:58:54","modified_gmt":"2023-05-07T07:58:54","slug":"modalites-de-vote","status":"publish","type":"page","link":"https:\/\/tatoulu.org\/index.php\/modalites-de-vote\/","title":{"rendered":"Modalit\u00e9s de vote"},"content":{"rendered":"\n<p>Le vote pour le prix Tatoulu est organis\u00e9 dans chaque groupe de jeunes par le m\u00e9diateur qui suit le groupe. Il s&rsquo;agit d&rsquo;un vote classique : chaque jeune donne sa voix au livre qu&rsquo;il pr\u00e9f\u00e8re <em>(un voix par votant, avec possibilit\u00e9 d&rsquo;abstention).<\/em><\/p>\n\n\n\n<p>Le r\u00e9sultat du vote doit \u00eatre saisi par le m\u00e9diateur dans un formulaire d\u00e9di\u00e9 situ\u00e9 dans le menu \u00ab\u00a0informations pratiques\u00a0\u00bb du site tatoulu.org.<\/p>\n\n\n\n<p><strong>Le mot de passe permettant aux m\u00e9diateurs d&rsquo;ouvrir le formulaire leur est envoy\u00e9 par mail \u00e0 l&rsquo;ouverture de la p\u00e9riode de saisie<\/strong> <em>(respecter les majuscules \/ minuscules lors de la saisie du mot de passe).<\/em><\/p>\n\n\n\n<p>Si un m\u00e9diateur suit plusieurs groupes, il doit effectuer une saisie pour chaque groupe.<\/p>\n\n\n\n<p>A la fin de la p\u00e9riode de saisie, Tatoulu cumule le r\u00e9sultat des votes des diff\u00e9rents groupes. La liste des livres qui ont obtenu le plus grand nombre de voix dans leur s\u00e9lection est divulgu\u00e9e lors de la remise du <strong>Prix Tatoulu<\/strong> \u00e0 Paris en juin.<\/p>\n","protected":false},"excerpt":{"rendered":"<p>Le vote pour le prix Tatoulu est organis\u00e9 dans chaque groupe de jeunes par le m\u00e9diateur qui suit le groupe. Il s&rsquo;agit d&rsquo;un vote classique : chaque jeune donne sa voix au livre qu&rsquo;il pr\u00e9f\u00e8re (un voix par votant, avec possibilit\u00e9 d&rsquo;abstention). Le r\u00e9sultat du vote doit \u00eatre saisi par le m\u00e9diateur dans un formulaire &hellip; <a href=\"https:\/\/tatoulu.org\/index.php\/modalites-de-vote\/\" class=\"more-link\">Continuer la lecture<span class=\"screen-reader-text\"> de &laquo;&nbsp;Modalit\u00e9s de vote&nbsp;&raquo;<\/span><\/a><\/p>\n","protected":false},"author":5,"featured_media":0,"parent":0,"menu_order":0,"comment_status":"closed","ping_status":"closed","template":"","meta":{"footnotes":""},"class_list":["post-1038","page","type-page","status-publish","hentry"],"_links":{"self":[{"href":"https:\/\/tatoulu.org\/index.php\/wp-json\/wp\/v2\/pages\/1038","targetHints":{"allow":["GET"]}}],"collection":[{"href":"https:\/\/tatoulu.org\/index.php\/wp-json\/wp\/v2\/pages"}],"about":[{"href":"https:\/\/tatoulu.org\/index.php\/wp-json\/wp\/v2\/types\/page"}],"author":[{"embeddable":true,"href":"https:\/\/tatoulu.org\/index.php\/wp-json\/wp\/v2\/users\/5"}],"replies":[{"embeddable":true,"href":"https:\/\/tatoulu.org\/index.php\/wp-json\/wp\/v2\/comments?post=1038"}],"version-history":[{"count":9,"href":"https:\/\/tatoulu.org\/index.php\/wp-json\/wp\/v2\/pages\/1038\/revisions"}],"predecessor-version":[{"id":1427,"href":"https:\/\/tatoulu.org\/index.php\/wp-json\/wp\/v2\/pages\/1038\/revisions\/1427"}],"wp:attachment":[{"href":"https:\/\/tatoulu.org\/index.php\/wp-json\/wp\/v2\/media?parent=1038"}],"curies":[{"name":"wp","href":"https:\/\/api.w.org\/{rel}","templated":true}]}}