

{"id":1121,"date":"2022-06-20T21:10:42","date_gmt":"2022-06-20T19:10:42","guid":{"rendered":"http:\/\/tatoulu.org\/?page_id=1121"},"modified":"2026-01-18T11:34:52","modified_gmt":"2026-01-18T10:34:52","slug":"lannee-tatoulu-2025-2026","status":"publish","type":"page","link":"https:\/\/tatoulu.org\/index.php\/lannee-tatoulu-2025-2026\/","title":{"rendered":"L&rsquo;ann\u00e9e Tatoulu 2025 &#8211; 2026"},"content":{"rendered":"\n<p><em>L&rsquo;ann\u00e9e Tatoulu est cal\u00e9e sur l&rsquo;ann\u00e9e scolaire. Voici quelques dates pour vous aider \u00e0 vous organiser.<\/em><\/p>\n\n\n\n<h2 class=\"wp-block-heading\">Les temps forts<\/h2>\n\n\n\n<p class=\"has-medium-font-size\">Campagne d&rsquo;inscription : <strong>du 28 ao\u00fbt 2025 au 15 octobre 2025<\/strong> <em>(pour une inscription hors d\u00e9lai, contacter l&rsquo;association).<\/em><\/p>\n\n\n\n<p class=\"has-medium-font-size\">Assembl\u00e9e g\u00e9n\u00e9rale :<strong> le mardi 30 septembre 2025.<\/strong><\/p>\n\n\n\n<p class=\"has-medium-font-size\">Saisie des votes : <strong>en mai 2026 <\/strong><em>(dates \u00e0 pr\u00e9ciser)<\/em>.<\/p>\n\n\n\n<p class=\"has-medium-font-size\">Rencontres Tatoulu de Sarrant : <strong>le samedi 6 juin 2026<\/strong>.<\/p>\n\n\n\n<p class=\"has-medium-font-size\">Remise des Prix \u00e0 Paris&nbsp;: <strong>le samedi 20 juin 2026.<\/strong><\/p>\n\n\n\n<h2 class=\"wp-block-heading\">M\u00e9diateurs<\/h2>\n\n\n\n<p class=\"has-medium-font-size\"><strong>Formation <\/strong><\/p>\n\n\n\n<p>Des sessions de formation auront lieu en Ile de France et en Occitanie  \u00e0 raison de 3 \u00e0 4 dans l&rsquo;ann\u00e9e. Ces formations se d\u00e9rouleront sur une journ\u00e9e compl\u00e8te, un samedi.<\/p>\n\n\n\n<p><strong>R\u00e9gion Occitanie : <\/strong><\/p>\n\n\n\n<p class=\"supp-marge-basse\">&#8211; samedi 15 novembre 2025 \u00e0 Sarrant<\/p>\n\n\n\n<p class=\"supp-marge-basse\">&#8211; samedi 17 janvier 2026 \u00e0 Sarrant<\/p>\n\n\n\n<p>&#8211; samedi 28 mars 2026 \u00e0 Sarrant<\/p>\n\n\n\n<p><strong>R\u00e9gion Ile de France :<\/strong><\/p>\n\n\n\n<p class=\"supp-marge-basse\">&#8211; samedi 22 novembre 2025 \u00e0 la Courneuve<\/p>\n\n\n\n<p class=\"supp-marge-basse\">&#8211; samedi 24 janvier 2026 \u00e0 la m\u00e9diath\u00e8que John Lennon \u00e0 la Courneuve<\/p>\n\n\n\n<p>&#8211; samedi 11 avril 2026 \u00e0 la Courneuve ou \u00e0 Paris<\/p>\n\n\n\n<p><strong>Autres r\u00e9gions :<\/strong><\/p>\n\n\n\n<p>&#8211; <em>En fonction de la localisation des adh\u00e9rents, des sessions de formation peuvent \u00eatre envisag\u00e9es dans d\u2019autres r\u00e9gions (contacter l&rsquo;association).<\/em><\/p>\n\n\n\n<p class=\"has-medium-font-size\"><strong>Livraison des livres<\/strong><\/p>\n\n\n\n<p><strong>R\u00e9gion Occitanie et Ile de France :<\/strong><\/p>\n\n\n\n<p>&#8211; Les participants aux premi\u00e8res sessions de formation de m\u00e9diateurs pourront repartir avec leurs livres.<\/p>\n\n\n\n<p> <em>(m\u00e9diateurs ne participant pas \u00e0 la formation : livraison dans les \u00e9tablissements scolaires)<\/em>.<\/p>\n\n\n\n<p><strong>Autres r\u00e9gions :<\/strong><\/p>\n\n\n\n<p><em>&#8211; Contacter l&rsquo;association<\/em>.<\/p>\n\n\n\n<h2 class=\"wp-block-heading\">Comit\u00e9 de Lecture<\/h2>\n\n\n\n<p class=\"supp-marge-basse\">6 ou 7 r\u00e9unions, \u00e9tal\u00e9es sur l&rsquo;ann\u00e9e scolaire.<\/p>\n\n\n\n<p class=\"supp-marge-basse\">Le Comit\u00e9 de Lecture est constitu\u00e9 de deux groupes, un pour la r\u00e9gion Occitanie et l&rsquo;autre pour la r\u00e9gion Ile de France.<\/p>\n\n\n\n<p>Les deux groupes se retrouvent en fin d&rsquo;ann\u00e9e pour une r\u00e9union de synth\u00e8se.<\/p>\n\n\n\n<p class=\"has-medium-font-size\"><strong>Dates des r\u00e9unions<\/strong> <\/p>\n\n\n\n<p class=\"supp-marge-basse\"><strong>Comit\u00e9 de Lecture Occitanie<\/strong> :<\/p>\n\n\n\n<p class=\"has-small-font-size\"><em>Il se r\u00e9unit alternativement \u00e0 L\u00e9guevin (31) et \u00e0 l&rsquo;Isle Jourdain (32).<\/em><\/p>\n\n\n\n<p class=\"supp-marge-basse\">&#8211; mardi 13 janvier 2026<\/p>\n\n\n\n<p class=\"supp-marge-basse\"> &#8211; mardi 10 f\u00e9vrier 2026<\/p>\n\n\n\n<p class=\"supp-marge-basse\"> &#8211; mardi 10 mars 2026<\/p>\n\n\n\n<p class=\"supp-marge-basse\">&#8211; mardi 7 avril 2026<\/p>\n\n\n\n<p class=\"supp-marge-basse\"> &#8211; mardi 5 mai 2026<\/p>\n\n\n\n<p class=\"supp-marge-basse\"> &#8211; mardi 2 juin 2026<\/p>\n\n\n\n<p> &#8211; mardi 30 juin 2026<\/p>\n\n\n\n<p><strong>Comit\u00e9 de Lecture Ile de France<\/strong> :<\/p>\n\n\n\n<p>&#8211; <em>dates \u00e0 d\u00e9terminer.<\/em><\/p>\n\n\n\n<p><strong>Comit\u00e9 de lecture final (r\u00e9union de synth\u00e8se)<\/strong> :<\/p>\n\n\n\n<p class=\"supp-marge-basse\"><strong>&#8211; dimanche 5 et lundi 6 juillet 2026.<\/strong><\/p>\n","protected":false},"excerpt":{"rendered":"<p>L&rsquo;ann\u00e9e Tatoulu est cal\u00e9e sur l&rsquo;ann\u00e9e scolaire. Voici quelques dates pour vous aider \u00e0 vous organiser. Les temps forts Campagne d&rsquo;inscription : du 28 ao\u00fbt 2025 au 15 octobre 2025 (pour une inscription hors d\u00e9lai, contacter l&rsquo;association). Assembl\u00e9e g\u00e9n\u00e9rale : le mardi 30 septembre 2025. Saisie des votes : en mai 2026 (dates \u00e0 pr\u00e9ciser). &hellip; <a href=\"https:\/\/tatoulu.org\/index.php\/lannee-tatoulu-2025-2026\/\" class=\"more-link\">Continuer la lecture<span class=\"screen-reader-text\"> de &laquo;&nbsp;L&rsquo;ann\u00e9e Tatoulu 2025 &#8211; 2026&nbsp;&raquo;<\/span><\/a><\/p>\n","protected":false},"author":5,"featured_media":1128,"parent":0,"menu_order":0,"comment_status":"closed","ping_status":"closed","template":"","meta":{"footnotes":""},"class_list":["post-1121","page","type-page","status-publish","has-post-thumbnail","hentry"],"_links":{"self":[{"href":"https:\/\/tatoulu.org\/index.php\/wp-json\/wp\/v2\/pages\/1121","targetHints":{"allow":["GET"]}}],"collection":[{"href":"https:\/\/tatoulu.org\/index.php\/wp-json\/wp\/v2\/pages"}],"about":[{"href":"https:\/\/tatoulu.org\/index.php\/wp-json\/wp\/v2\/types\/page"}],"author":[{"embeddable":true,"href":"https:\/\/tatoulu.org\/index.php\/wp-json\/wp\/v2\/users\/5"}],"replies":[{"embeddable":true,"href":"https:\/\/tatoulu.org\/index.php\/wp-json\/wp\/v2\/comments?post=1121"}],"version-history":[{"count":54,"href":"https:\/\/tatoulu.org\/index.php\/wp-json\/wp\/v2\/pages\/1121\/revisions"}],"predecessor-version":[{"id":2163,"href":"https:\/\/tatoulu.org\/index.php\/wp-json\/wp\/v2\/pages\/1121\/revisions\/2163"}],"wp:featuredmedia":[{"embeddable":true,"href":"https:\/\/tatoulu.org\/index.php\/wp-json\/wp\/v2\/media\/1128"}],"wp:attachment":[{"href":"https:\/\/tatoulu.org\/index.php\/wp-json\/wp\/v2\/media?parent=1121"}],"curies":[{"name":"wp","href":"https:\/\/api.w.org\/{rel}","templated":true}]}}