

{"id":1205,"date":"2022-08-24T19:45:39","date_gmt":"2022-08-24T17:45:39","guid":{"rendered":"http:\/\/tatoulu.org\/?page_id=1205"},"modified":"2023-06-12T09:03:52","modified_gmt":"2023-06-12T07:03:52","slug":"selections-prix-2023","status":"publish","type":"page","link":"https:\/\/tatoulu.org\/index.php\/selections-prix-2023\/","title":{"rendered":"S\u00e9lections prix 2023"},"content":{"rendered":"\n<p class=\"supp-marge-basse\">Voici les livres qui ont \u00e9t\u00e9 s\u00e9lectionn\u00e9s pour le prix Tatoulu 2023 :<\/p>\n\n\n\n<p class=\"texte-rouge has-small-font-size\"><em>(les livres prim\u00e9s sont en rouge)<\/em><\/p>\n\n\n\n<div class=\"tab-categorie has-small-font-size\">\n<table>\n<tbody><tr>\n<td colspan=\"2\" class=\"centrage fond-rose\">S\u00e9lection TATOU ROSE<\/td>\n<\/tr>\n<tr>\n<td class=\"centrage fond-rose\">Titre<\/td>\n<td class=\"centrage fond-rose\">Auteur<\/td>\n<\/tr>\n<tr>\n<td>La petite chose noire <em>(Ed. Le Cosmographe)<\/em><\/td>\n<td>Kiyo Tanaka<\/td>\n<\/tr>\n<tr>\n<td>J&rsquo;aurais voulu <em>(Ed. Ecole des loisirs)<\/em><\/td>\n<td>Olivier Tallec<\/td>\n<\/tr>\n<tr>\n<td class=\"texte-rouge\">J&rsquo;ai vu le lion, le renard et la belette <em>(Ed. Alice)<\/em><\/td>\n<td class=\"texte-rouge\">J\u00e9r\u00f4me Camil<\/td>\n<\/tr>\n<tr>\n<td>Tu fais quoi ? <em>(Ed. Atelier du poisson soluble)<\/em><\/td>\n<td>Jean Gourounas<\/td>\n<\/tr>\n<tr>\n<td>Fin d&rsquo;\u00e9t\u00e9 <em>(Ed. L&rsquo;\u00e9tag\u00e8re du bas)<\/em><\/td>\n<td>St\u00e9phanie Demasse-Pottier<\/td>\n<\/tr>\n<tr>\n<td>Seul \u00e0 la maison <em>(Ed. Le Cosmographe)<\/em><\/td>\n<td>Naoko Machida<\/td>\n<\/tr>\n<\/tbody>\n<\/table>\n<\/div>\n\n\n\n<div class=\"tab-categorie has-small-font-size\">\n<table>\n<tbody>\n<tr>\n<td class=\"centrage fond-jaune\" colspan=\"2\">S\u00e9lection TATOU JAUNE<\/td>\n<\/tr>\n<tr>\n<td class=\"centrage fond-jaune\">Titre<\/td>\n<td class=\"centrage fond-jaune\">Auteur<\/td>\n<\/tr>\n<tr>\n<td>Comment mettre une baleine dans une valise <em>(Ed. CotCotCot)<\/em><\/td>\n<td>Guridi<\/td>\n<\/tr>\n<tr>\n<td>Le go\u00fbter de la sorci\u00e8re <em>(Ed. Passe Partout)<\/em><\/td>\n<td>Nadia Al Omari \/ Richolly Rosazza<\/td>\n<\/tr>\n<tr>\n<td>Un petit geste <em>(Ed. d&rsquo;eux)<\/em><\/td>\n<td>Jacqueline Woodson \/ Lewis<\/td>\n<\/tr>\n<tr>\n<td>Un beau z\u00e9ro <em>(Ed. Les 400 coups)<\/em><\/td>\n<td>Marie-Francine H\u00e9bert \/ Mathieu Lampron<\/td>\n<\/tr>\n<tr>\n<td class=\"texte-rouge\">Ce n&rsquo;est pas grave mon crapaud <em>(Ed. Les \u00e9l\u00e9phants)<\/em><\/td>\n<td class=\"texte-rouge\">Soyung Lee<\/td>\n<\/tr>\n<tr>\n<td>Sous les vagues <em>(Ed. Les 400 coups)<\/em><\/td>\n<td>Meritxell Marti \/ Xavier Salomo<\/td>\n<\/tr><\/tbody>\n<\/table>\n<\/div>\n\n\n\n<div class=\"tab-categorie has-small-font-size\">\n<table>\n<tbody><tr>\n<td colspan=\"2\" class=\"centrage fond-vert\">S\u00e9lection TATOU VERT<\/td>\n<\/tr>\n<tr>\n<td class=\"centrage fond-vert\">Titre<\/td>\n<td class=\"centrage fond-vert\">Auteur<\/td>\n<\/tr>\n<tr>\n<td class=\"texte-rouge\">Nez rouge et dent cass\u00e9e <em>(Ed. Le Rouergue)<\/em><\/td>\n<td class=\"texte-rouge\">Olivier Ka<\/td>\n<\/tr>\n<tr>\n<td>La jungle <em>(Ed. Alice)<\/em><\/td>\n<td>Ludovic Joce<\/td>\n<\/tr>\n<tr>\n<td>Violette, une petite brebis bien \u00e9trange <em>(Ed. Alice)<\/em><\/td>\n<td>Simona Toma \/ Laura Giraud<\/td>\n<\/tr>\n<tr>\n<td>Les cheveux de L\u00e9ontine <em>(Ed. Nathan Jeunesse)<\/em><\/td>\n<td>R\u00e9mi Courgeon<\/td>\n<\/tr>\n<tr>\n<td>La brigade du buzz <em>(Ed. Le Rouergue)<\/em><\/td>\n<td>Alex Cousseau \/ Charles Dutertre<\/td>\n<\/tr>\n<tr>\n<td>Le guerrier massa\u00ef <em>(Ed. Les 400 coups)<\/em><\/td>\n<td>Laurent Pinabel<\/td>\n<\/tr>\n<\/tbody>\n<\/table>\n<\/div>\n\n\n\n<div class=\"tab-categorie has-small-font-size\">\n<table>\n<tbody><tr>\n<td colspan=\"2\" class=\"centrage fond-bleu\">S\u00e9lection TATOU BLEU<\/td>\n<\/tr>\n<tr>\n<td class=\"centrage fond-bleu\">Titre<\/td>\n<td class=\"centrage fond-bleu\">Auteur<\/td>\n<\/tr>\n<tr>\n<td>Calvaire Marchepieds <em>(Ed. Calicot)<\/em><\/td>\n<td>Bastien Fayet<\/td>\n<\/tr>\n<tr>\n<td>Mon amie la chenille <em>(Ed. Atelier du poisson soluble)<\/em><\/td>\n<td>Marion Janin<\/td>\n<\/tr>\n<tr>\n<td>Le jaguar qui miaule <em>(Ed. Le Muscadier)<\/em><\/td>\n<td>Christine Deron<\/td>\n<\/tr>\n<tr>\n<td class=\"texte-rouge\">Pour en finir avec le Groc <em>(Ed. Magnard Jeunesse)<\/em><\/td>\n<td class=\"texte-rouge\">Alexandre Chardin<\/td>\n<\/tr>\n<tr>\n<td>Le berger et l&rsquo;assassin  <em>(Ed. Littel Urban)<\/em><\/td>\n<td>Henri Meunier \/ R\u00e9gis Lejonc<\/td>\n<\/tr>\n<tr>\n<td>Enterrer la lune <em>(Ed. Alice)<\/em><\/td>\n<td>Andr\u00e9e Poulin \/ Sonali Zohra<\/td>\n<\/tr>\n<\/tbody>\n<\/table>\n<\/div>\n\n\n\n<div class=\"tab-categorie has-small-font-size\">\n<table>\n<tbody>\n<tr>\n<td class=\"centrage fond-violet\" colspan=\"2\">S\u00e9lection TATOU VIOLET<\/td>\n<\/tr>\n<tr>\n<td class=\"centrage fond-violet\">Titre<\/td>\n<td class=\"centrage fond-violet\">Auteur<\/td>\n<\/tr>\n<tr>\n<td>Pour en finir avec le Groc <em>(Ed. Magnard Jeunesse)<\/em><\/td>\n<td>Alexandre Chardin<\/td>\n<\/tr>\n<tr>\n<td>Le berger et l&rsquo;assassin  <em>(Ed. Littel Urban)<\/em><\/td>\n<td>Henri Meunier \/ R\u00e9gis Lejonc<\/td>\n<\/tr>\n<tr>\n<td>Enterrer la lune <em>(Ed. Alice)<\/em><\/td>\n<td>Andr\u00e9e Poulin \/ Sonali Zohra<\/td>\n<\/tr>\n<tr>\n<td class=\"texte-rouge\">Fr\u00e8re ! <em>(Ed. Magnard)<\/em><\/td>\n<td class=\"texte-rouge\">Jean T\u00e9v\u00e9lis<\/td>\n<\/tr>\n<tr>\n<td>Le plongeoir <em>(Ed. Talents hauts)<\/em><\/td>\n<td>Elsa Devernois<\/td>\n<\/tr>\n<tr>\n<td>Fr\u00e9rot frangin <em>(Ed. Le Calicot)<\/em><\/td>\n<td>Thierry Maricourt \/ Tardi<\/td>\n<\/tr>\n<\/tbody>\n<\/table>\n<\/div>\n\n\n\n<div class=\"tab-categorie has-small-font-size\">\n<table>\n<tbody>\n<tr>\n<td colspan=\"2\" class=\"centrage fond-rouge\">S\u00e9lection TATOU ROUGE<\/td>\n<\/tr>\n<tr>\n<td class=\"centrage fond-rouge\">Titre<\/td>\n<td class=\"centrage fond-rouge\">Auteur<\/td>\n<\/tr>\n<tr>\n<td class=\"texte-rouge\">Fr\u00e8re ! <em>(Ed. Magnard)<\/em><\/td>\n<td class=\"texte-rouge\">Jean T\u00e9v\u00e9lis<\/td>\n<\/tr>\n<tr>\n<td>Le plongeoir <em>(Ed. Talents hauts)<\/em><\/td>\n<td>Elsa Devernois<\/td>\n<\/tr>\n<tr>\n<td>Fr\u00e9rot frangin <em>(Ed. Le Calicot)<\/em><\/td>\n<td>Thierry Maricourt \/ Tardi<\/td>\n<\/tr>\n<tr>\n<\/tr><tr>\n<td>Quelques secondes encore <em>(Ed. Nathan)<\/em><\/td>\n<td>Thomas Scotto<\/td>\n<\/tr>\n<tr>\n<td>La part des anges <em>(Ed. Yucca \u00e9ditions)<\/em><\/td>\n<td>Constance Dufort<\/td>\n<\/tr>\n<tr>\n<td>Ames libres <em>(Ed. Scrin\u00e9o)<\/em><\/td>\n<td>Charlotte Bousquet<\/td>\n<\/tr>\n<\/tbody>\n<\/table>\n<\/div>\n\n\n\n<div class=\"tab-categorie has-small-font-size\">\n<table>\n<tbody>\n<tr>\n<td class=\"centrage\" colspan=\"2\">S\u00e9lection TATOU BLANC<\/td>\n<\/tr>\n<tr>\n<td class=\"centrage\">Titre<\/td>\n<td class=\"centrage\">Auteur<\/td>\n<\/tr>\n<tr>\n<td>Miettes (humour d\u00e9cal\u00e9) <em>(Ed. Nathan)<\/em><\/td>\n<td>St\u00e9phane Servant<\/td>\n<\/tr>\n<tr>\n<td class=\"texte-rouge\">Guilty, l&rsquo;affaire Diego Abrio <em>(Ed. Rageot)<\/em><\/td>\n<td class=\"texte-rouge\">Jean-Christophe Tixier<\/td>\n<\/tr>\n<tr>\n<td>Le processus <em>(Ed. Le Rouergue)<\/em><\/td>\n<td>Catherine Verlaguet<\/td>\n<\/tr>\n<tr>\n<td>Sous ta peau le feu <em>(Ed. Nathan)<\/em><\/td>\n<td>S\u00e9verine Vidal<\/td>\n<\/tr>\n<tr>\n<td>L&rsquo;enfer <em>(Ed. IN8)<\/em><\/td>\n<td>Marin Ledun<\/td>\n<\/tr>\n<tr>\n<td>Le second souffle <em>(Ed. Rageot)<\/em><\/td>\n<td>Gilles Marchand \/ Jennifer Murzeau<\/td>\n<\/tr>\n<\/tbody>\n<\/table>\n<\/div>\n\n\n\n<div class=\"tab-categorie has-small-font-size\">\n<table>\n<tbody>\n<tr>\n<td class=\"centrage fond-noir\" colspan=\"2\">S\u00e9lection TATOU NOIR<\/td>\n<\/tr>\n<tr>\n<td class=\"centrage fond-noir\">Titre<\/td>\n<td class=\"centrage fond-noir\">Auteur<\/td>\n<\/tr>\n<tr>\n<td>Bel ab\u00eeme <em>(Ed. Elyzad)<\/em><\/td>\n<td>Yamen Mana\u00ef<\/td>\n<\/tr>\n<tr>\n<td>Paraddict <em>(Ed. Gallimard Jeunesse)<\/em><\/td>\n<td>Pauline Pucciano<\/td>\n<\/tr>\n<tr>\n<td class=\"texte-rouge\">Sans passer par la case d\u00e9part <em>(Ed. Acte Sud Noir)<\/em><\/td>\n<td class=\"texte-rouge\">Camilla L\u00e4ckberg<\/td>\n<\/tr>\n<tr>\n<td>Les amoureux de Houri-Kouri <em>(Ed. Pourquoi pas ?)<\/em><\/td>\n<td>Nathalie Cl\u00e9ment \/ Yves-Marie Cl\u00e9ment<\/td>\n<\/tr>\n<tr>\n<td>Comme ton p\u00e8re <em>(Ed. IN8)<\/em><\/td>\n<td>Gilles Abier<\/td>\n<\/tr>\n<tr>\n<td>F\u00e9licratie <em>(Ed. Sarbacane)<\/em><\/td>\n<td>H. Lenoir<\/td>\n<\/tr>\n<\/tbody>\n<\/table><\/div>\n","protected":false},"excerpt":{"rendered":"<p>Voici les livres qui ont \u00e9t\u00e9 s\u00e9lectionn\u00e9s pour le prix Tatoulu 2023 : (les livres prim\u00e9s sont en rouge) S\u00e9lection TATOU ROSE Titre Auteur La petite chose noire (Ed. Le Cosmographe) Kiyo Tanaka J&rsquo;aurais voulu (Ed. Ecole des loisirs) Olivier Tallec J&rsquo;ai vu le lion, le renard et la belette (Ed. Alice) J\u00e9r\u00f4me Camil Tu &hellip; <a href=\"https:\/\/tatoulu.org\/index.php\/selections-prix-2023\/\" class=\"more-link\">Continuer la lecture<span class=\"screen-reader-text\"> de &laquo;&nbsp;S\u00e9lections prix 2023&nbsp;&raquo;<\/span><\/a><\/p>\n","protected":false},"author":5,"featured_media":0,"parent":0,"menu_order":0,"comment_status":"closed","ping_status":"closed","template":"","meta":{"footnotes":""},"class_list":["post-1205","page","type-page","status-publish","hentry"],"_links":{"self":[{"href":"https:\/\/tatoulu.org\/index.php\/wp-json\/wp\/v2\/pages\/1205","targetHints":{"allow":["GET"]}}],"collection":[{"href":"https:\/\/tatoulu.org\/index.php\/wp-json\/wp\/v2\/pages"}],"about":[{"href":"https:\/\/tatoulu.org\/index.php\/wp-json\/wp\/v2\/types\/page"}],"author":[{"embeddable":true,"href":"https:\/\/tatoulu.org\/index.php\/wp-json\/wp\/v2\/users\/5"}],"replies":[{"embeddable":true,"href":"https:\/\/tatoulu.org\/index.php\/wp-json\/wp\/v2\/comments?post=1205"}],"version-history":[{"count":16,"href":"https:\/\/tatoulu.org\/index.php\/wp-json\/wp\/v2\/pages\/1205\/revisions"}],"predecessor-version":[{"id":1514,"href":"https:\/\/tatoulu.org\/index.php\/wp-json\/wp\/v2\/pages\/1205\/revisions\/1514"}],"wp:attachment":[{"href":"https:\/\/tatoulu.org\/index.php\/wp-json\/wp\/v2\/media?parent=1205"}],"curies":[{"name":"wp","href":"https:\/\/api.w.org\/{rel}","templated":true}]}}