

{"id":1354,"date":"2023-02-05T18:29:02","date_gmt":"2023-02-05T17:29:02","guid":{"rendered":"http:\/\/tatoulu.org\/?page_id=1354"},"modified":"2026-01-18T10:57:22","modified_gmt":"2026-01-18T09:57:22","slug":"modalites-de-demande-dune-rencontre-dauteur","status":"publish","type":"page","link":"https:\/\/tatoulu.org\/index.php\/modalites-de-demande-dune-rencontre-dauteur\/","title":{"rendered":"Modalit\u00e9s de demande d&rsquo;une rencontre d&rsquo;auteur"},"content":{"rendered":"\n<h2 class=\"wp-block-heading\"><strong>Principe g\u00e9n\u00e9ral<\/strong><\/h2>\n\n\n\n<p class=\"has-medium-font-size\">Les m\u00e9diateurs ont la possibilit\u00e9 d\u2019organiser des rencontres entre les jeunes lecteurs de leur \u00e9tablissement et des auteurs en cours d\u2019ann\u00e9e scolaire. L\u2019objectif est d&rsquo;incarner la r\u00e9flexion autour de l&rsquo;ouvrage et de permettre un d\u00e9bat sur les ressorts de l&rsquo;\u00e9criture.<\/p>\n\n\n\n<p class=\"has-medium-font-size\">Les auteurs concern\u00e9s sont ceux dont les ouvrages ont \u00e9t\u00e9 s\u00e9lectionn\u00e9s pour l\u2019ann\u00e9e en cours.<\/p>\n\n\n\n<p class=\"supp-margebasse has-medium-font-size\">Ces rencontres peuvent se d\u00e9rouler&nbsp;:<\/p>\n\n\n\n<p class=\"supp-margebasse has-medium-font-size\"> &#8211; sous forme de d\u00e9bats dans les structures accueillant des lecteurs <em>(\u00e9tablissement scolaire, m\u00e9diath\u00e8que &#8230;)<\/em>, \u00e0 l\u2019occasion de manifestations culturelles ou sur des lieux de s\u00e9jour <em>(classes vertes \u2026)<\/em>.<\/p>\n\n\n\n<p class=\"has-medium-font-size\">&#8211; \u00e0 l\u2019occasion des Rencontres de Sarrant ou lors de la remise du prix \u00e0 Paris <em>(elles sont alors \u00e0 l&rsquo;initiative de &nbsp;l\u2019association TATOULU).<\/em><\/p>\n\n\n\n<ul class=\"wp-block-list\">\n<li><\/li>\n<\/ul>\n\n\n\n<p class=\"has-medium-font-size\">Ces rencontres ont lieu de janvier \u00e0 juin. Elles peuvent faire l\u2019objet d\u2019un accompagnement de l\u2019association TATOULU <em>(pr\u00e9paration de la rencontre, pr\u00e9sence de TATOULU le jour J)<\/em>.<\/p>\n\n\n\n<p class=\"has-medium-font-size\">Les demandes de rencontre doivent \u00eatre effectu\u00e9es pour une s\u00e9lection donn\u00e9e <em>(Tatou rose, tatou jaune \u2026 tatou noir)<\/em>. L\u2019association se charge de trouver un auteur disponible correspondant \u00e0 la s\u00e9lection <em>(la demande pour la venue d&rsquo;un auteur pr\u00e9cis ne peut \u00eatre garantie)<\/em>.<\/p>\n\n\n\n<p class=\"has-medium-font-size\">Conform\u00e9ment \u00e0 la Charte des auteurs et illustrateurs, les auteurs ne peuvent pas rencontrer plus de deux groupes par demi-journ\u00e9e. Il est donc indispensable de dimensionner le nombre de demi-journ\u00e9es correctement, en fonction du nombre de groupes concern\u00e9s.<\/p>\n\n\n\n<p class=\"has-medium-font-size\">Les groupes sont limit\u00e9s \u00e0 30 participants.<\/p>\n\n\n\n<p class=\"has-medium-font-size\">Deux groupes, \u00e0 condition qu\u2019ils soient situ\u00e9s dans des zones g\u00e9ographiques proches et qu\u2019ils soient concern\u00e9s par la m\u00eame s\u00e9lection de livres, peuvent se partager l\u2019intervention de l\u2019auteur et la charge financi\u00e8re de la prestation.<\/p>\n\n\n\n<h2 class=\"wp-block-heading\"><strong>R\u00e9mun\u00e9ration des auteurs<\/strong><\/h2>\n\n\n\n<p class=\"has-medium-font-size\">Le montant de la r\u00e9mun\u00e9ration des auteurs est fix\u00e9 par la Charte des auteurs et illustrateurs. Il est de <strong>308 \u20ac<\/strong> pour une demi-journ\u00e9e et <strong>510 \u20ac<\/strong> pour une journ\u00e9e. Lorsqu\u2019un auteur doit rencontrer quatre groupes dans une journ\u00e9e, son intervention est factur\u00e9e deux demi-journ\u00e9es <em>(et non une journ\u00e9e)<\/em>.<\/p>\n\n\n\n<p class=\"has-medium-font-size\">Cette r\u00e9mun\u00e9ration ne recouvre pas les frais de d\u00e9placement, l\u2019h\u00e9bergement et les repas de l\u2019auteur, qui sont pris en charge par l\u2019association TATOULU.<\/p>\n\n\n\n<p class=\"has-medium-font-size\">Pour les coll\u00e8ges \u00e0 partir de la classe de 4<sup>\u00e8me<\/sup> et les lyc\u00e9es, la rencontre avec un auteur peut \u00eatre prise en charge dans le cadre du dispositif Pass-Culture pour lequel l\u2019association TATOULU est habilit\u00e9e. Il est donc indispensable de passer par l\u2019association pour faire cette demande.<\/p>\n\n\n\n<h2 class=\"wp-block-heading\">Demande de rencontre d&rsquo;auteur<\/h2>\n\n\n\n<p class=\"has-medium-font-size\">La demande doit \u00eatre effectu\u00e9e en utilisant le document pdf pr\u00e9vu \u00e0 cet effet situ\u00e9 dans le menu T\u00e9l\u00e9chargement : <a href=\"https:\/\/tatoulu.org\/wp-content\/uploads\/bulletin-inscription-rencontre-auteur-2025-2026.pdf\">https:\/\/tatoulu.org\/wp-content\/uploads\/bulletin-inscription-rencontre-auteur-2025-2026.pdf<\/a><\/p>\n\n\n\n<p class=\"has-medium-font-size\">Une fois rempli, ce document doit \u00eatre transmis \u00e0 l&rsquo;association par courrier ou par mail <em>(toutes les informations utiles figurent sur le document).<\/em><\/p>\n\n\n\n<hr class=\"wp-block-separator has-alpha-channel-opacity\"\/>\n\n\n\n<p class=\"has-medium-font-size\"><strong>Pour toute pr\u00e9cision, contactez l\u2019\u00e9quipe de TATOULU&nbsp;par mail adress\u00e9 \u00e0 : t<\/strong><em><strong>atoulu@tatoulu.org.<\/strong><\/em><\/p>\n","protected":false},"excerpt":{"rendered":"<p>Principe g\u00e9n\u00e9ral Les m\u00e9diateurs ont la possibilit\u00e9 d\u2019organiser des rencontres entre les jeunes lecteurs de leur \u00e9tablissement et des auteurs en cours d\u2019ann\u00e9e scolaire. L\u2019objectif est d&rsquo;incarner la r\u00e9flexion autour de l&rsquo;ouvrage et de permettre un d\u00e9bat sur les ressorts de l&rsquo;\u00e9criture. Les auteurs concern\u00e9s sont ceux dont les ouvrages ont \u00e9t\u00e9 s\u00e9lectionn\u00e9s pour l\u2019ann\u00e9e &hellip; <a href=\"https:\/\/tatoulu.org\/index.php\/modalites-de-demande-dune-rencontre-dauteur\/\" class=\"more-link\">Continuer la lecture<span class=\"screen-reader-text\"> de &laquo;&nbsp;Modalit\u00e9s de demande d&rsquo;une rencontre d&rsquo;auteur&nbsp;&raquo;<\/span><\/a><\/p>\n","protected":false},"author":5,"featured_media":0,"parent":0,"menu_order":0,"comment_status":"closed","ping_status":"closed","template":"","meta":{"footnotes":""},"class_list":["post-1354","page","type-page","status-publish","hentry"],"_links":{"self":[{"href":"https:\/\/tatoulu.org\/index.php\/wp-json\/wp\/v2\/pages\/1354","targetHints":{"allow":["GET"]}}],"collection":[{"href":"https:\/\/tatoulu.org\/index.php\/wp-json\/wp\/v2\/pages"}],"about":[{"href":"https:\/\/tatoulu.org\/index.php\/wp-json\/wp\/v2\/types\/page"}],"author":[{"embeddable":true,"href":"https:\/\/tatoulu.org\/index.php\/wp-json\/wp\/v2\/users\/5"}],"replies":[{"embeddable":true,"href":"https:\/\/tatoulu.org\/index.php\/wp-json\/wp\/v2\/comments?post=1354"}],"version-history":[{"count":14,"href":"https:\/\/tatoulu.org\/index.php\/wp-json\/wp\/v2\/pages\/1354\/revisions"}],"predecessor-version":[{"id":2158,"href":"https:\/\/tatoulu.org\/index.php\/wp-json\/wp\/v2\/pages\/1354\/revisions\/2158"}],"wp:attachment":[{"href":"https:\/\/tatoulu.org\/index.php\/wp-json\/wp\/v2\/media?parent=1354"}],"curies":[{"name":"wp","href":"https:\/\/api.w.org\/{rel}","templated":true}]}}