

{"id":1519,"date":"2023-07-19T19:52:44","date_gmt":"2023-07-19T17:52:44","guid":{"rendered":"http:\/\/tatoulu.org\/?page_id=1519"},"modified":"2024-07-11T19:22:42","modified_gmt":"2024-07-11T17:22:42","slug":"selections-prix-2024","status":"publish","type":"page","link":"https:\/\/tatoulu.org\/index.php\/selections-prix-2024\/","title":{"rendered":"S\u00e9lections prix 2024"},"content":{"rendered":"\n<p class=\"supp-marge-basse\">Voici les livres qui ont \u00e9t\u00e9 s\u00e9lectionn\u00e9s pour le prix Tatoulu 2024 :<\/p>\n\n\n\n<p class=\"texte-rouge has-small-font-size\"><em>(les livres prim\u00e9s sont en rouge<\/em>)<\/p>\n\n\n\n<div class=\"tab-categorie has-small-font-size\">\n<table>\n<tbody><tr>\n<td colspan=\"2\" class=\"centrage fond-rose\">S\u00e9lection TATOU ROSE<\/td>\n<\/tr>\n<tr>\n<td class=\"centrage fond-rose\">Titre<\/td>\n<td class=\"centrage fond-rose\">Auteur<\/td>\n<\/tr>\n<tr>\n<td>C&rsquo;est quand l&rsquo;\u00e9t\u00e9 ? <em>(Ed. Diplodocus)<\/em><\/td>\n<td>Romane Lefebvre<\/td>\n<\/tr>\n<tr>\n<td class=\"texte-rouge\">Bonogong <em>(Ed. Helvetiq)<\/em><\/td>\n<td class=\"texte-rouge\">Moog &#038; Dwiggy<\/td>\n<\/tr>\n<tr>\n<td>Jupiter et moi <em>(Ed. Alice)<\/em><\/td>\n<td>Maria Paola Pesce \/ Stefano Martinuz <\/td>\n<\/tr>\n<tr>\n<td>Moi je ne suis pas un mouton <em>(Ed. Pfefferkorn)<\/em><\/td>\n<td>Stephan Valentin \/ Denitza Mineva<\/td>\n<\/tr>\n<tr>\n<td>Madame Lalouve et Monsieur Leli\u00e8vre <em>(Ed. Balivernes)<\/em><\/td>\n<td>Tullio Corda<\/td>\n<\/tr>\n<tr>\n<td>Arnold <em>(Ed. Helvetiq)<\/em><\/td>\n<td>Didier L\u00e9vy \/ Anne-Lise Boutin<\/td>\n<\/tr>\n<\/tbody>\n<\/table>\n<\/div>\n\n\n\n<div class=\"tab-categorie has-small-font-size\">\n<table>\n<tbody>\n<tr>\n<td class=\"centrage fond-jaune\" colspan=\"2\">S\u00e9lection TATOU JAUNE<\/td>\n<\/tr>\n<tr>\n<td class=\"centrage fond-jaune\">Titre<\/td>\n<td class=\"centrage fond-jaune\">Auteur<\/td>\n<\/tr>\n<tr>\n<td>A travers les fen\u00eatres <em>(Ed. Les 400 Coups)<\/em><\/td>\n<td>Marion Arbona<\/td>\n<\/tr>\n<tr>\n<td>Bisbille <em>(Ed. La joie de lire)<\/em><\/td>\n<td>Nani Burini<\/td>\n<\/tr>\n<tr>\n<td class=\"texte-rouge\">Les mouzes <em>(Ed. Alice)<\/em><\/td>\n<td class=\"texte-rouge\">Olivier Dupin \/ Gwena\u00eblle Doumont<\/td>\n<\/tr>\n<tr>\n<td>La maison rouge <em>(Ed. Alice)<\/em><\/td>\n<td>Colleen Rowan Kosinski \/ Valeria Docampo<\/td>\n<\/tr>\n<tr>\n<td>La double vie de Doucette <em>(Ed. L&rsquo;\u00e9lan vert)<\/em><\/td>\n<td>Emilie Chazerand \/ Amandine Piu<\/td>\n<\/tr>\n<tr>\n<td>Sans d\u00e9tour <em>(Ed. L&rsquo;\u00e9tag\u00e8re du bas)<\/em><\/td>\n<td>St\u00e9phanie Demasse-Pottier \/ Tom Haugomat<\/td>\n<\/tr>\n<\/tbody>\n<\/table>\n<\/div>\n\n\n\n<div class=\"tab-categorie has-small-font-size\">\n<table>\n<tbody><tr>\n<td colspan=\"2\" class=\"centrage fond-vert\">S\u00e9lection TATOU VERT<\/td>\n<\/tr>\n<tr>\n<td class=\"centrage fond-vert\">Titre<\/td>\n<td class=\"centrage fond-vert\">Auteur<\/td>\n<\/tr>\n<tr>\n<td>Je suis ton manteau <em>(Ed. L&rsquo;\u00e9tag\u00e8re du bas)<\/em><\/td>\n<td>Ang\u00e9lique Villeneuve \/ Julien Martini\u00e8re<\/td>\n<\/tr>\n<tr>\n<td>La robe de soie <em>(Ed. Des \u00e9l\u00e9phants)<\/em><\/td>\n<td>Chiara Mezzalama \/ R\u00e9gis Lejonc<\/td>\n<\/tr>\n<tr>\n<td>La boule au coeur <em>(Ed. Kilowatt)<\/em><\/td>\n<td>Anne Loyer \/ Anna Griot<\/td>\n<\/tr>\n<tr>\n<td class=\"texte-rouge\">Jean Blaise le chat qui se prenait pour un oiseau <em>(Ed. La joie de lire)<\/em><\/td>\n<td class=\"texte-rouge\">Emilie Bor\u00e9 \/ Vincent Di Silvestro<\/td>\n<\/tr>\n<tr>\n<td>Equilibre <em>(Ed. Zebulo)<\/em><\/td>\n<td>St\u00e9fan Jardel<\/td>\n<\/tr>\n<tr>\n<td>Le citronnier <em>(Ed. D&rsquo;eux)<\/em><\/td>\n<td>Ilia Castro \/ Barroux<\/td>\n<\/tr>\n\n<\/tbody>\n<\/table>\n<\/div>\n\n\n\n<div class=\"tab-categorie has-small-font-size\">\n<table>\n<tbody><tr>\n<td colspan=\"2\" class=\"centrage fond-bleu\">S\u00e9lection TATOU BLEU<\/td>\n<\/tr>\n<tr>\n<td class=\"centrage fond-bleu\">Titre<\/td>\n<td class=\"centrage fond-bleu\">Auteur<\/td>\n<\/tr>\n<tr>\n<td class=\"texte-rouge\">Merci pour la tendresse <em>(Ed. du Rouergue)<\/em><\/td>\n<td class=\"texte-rouge\">Myren Duval \/ Emma Constant<\/td>\n<\/tr>\n<tr>\n<td>Les minuscules <em>(Ed. Pourquoi pas ?)<\/em><\/td>\n<td>Claude Cl\u00e9ment \/ Tildey Barbey<\/td>\n<\/tr>\n<tr>\n<td>L&#8217;empereur et son fils <em>(Ed. Didier Jeunesse)<\/em><\/td>\n<td>Catherine Pallaro \/ Judith Gueyfier<\/td>\n<\/tr>\n<tr>\n<td>Monstres <em>(Ed. Thierry Magnier)<\/em><\/td>\n<td>St\u00e9phane Servant \/ Nicolas Zouliamis<\/td>\n<\/tr>\n<tr>\n<td>Ma plus belle ombre  <em>(Ed. Memo)<\/em><\/td>\n<td>Carl Norac \/ Gaya Wisnievski<\/td>\n<\/tr>\n<tr>\n<td>Le merveilleux Marcus Cap\u00e9tipoute  <em>(Ed. Sarbacane)<\/em><\/td>\n<td>Sissi Briche<\/td>\n<\/tr>\n<\/tbody>\n<\/table>\n<\/div>\n\n\n\n<div class=\"tab-categorie has-small-font-size\">\n<table>\n<tbody>\n<tr>\n<td class=\"centrage fond-violet\" colspan=\"2\">S\u00e9lection TATOU VIOLET<\/td>\n<\/tr>\n<tr>\n<td class=\"centrage fond-violet\">Titre<\/td>\n<td class=\"centrage fond-violet\">Auteur<\/td>\n<\/tr>\n<tr>\n<td>Monstres <em>(Ed. Thierry Magnier)<\/em><\/td>\n<td>St\u00e9phane Servant \/ Nicolas Zouliamis<\/td>\n<\/tr>\n<tr>\n<td>Ma plus belle ombre  <em>(Ed. Memo)<\/em><\/td>\n<td>Carl Norac \/ Gaya Wisnievski<\/td>\n<\/tr>\n<tr>\n<td>Les bo\u00eetes aux lettres  <em>(Ed. Amaterra)<\/em><\/td>\n<td>Gilles Baum<\/td>\n<\/tr>\n<tr>\n<td>Pour Lily &#8211; Quartier sensible <em>(Ed. Ecole des loisirs)<\/em><\/td>\n<td>Marie Desplechin \/ Olivier Balez<\/td>\n<\/tr>\n<tr>\n<td class=\"texte-rouge\">Papier bulle <em>(Ed. Alice)<\/em><\/td>\n<td class=\"texte-rouge\">Simon Boulerice \/ Eve Patenaude<\/td>\n<\/tr>\n<td>Les minuscules <em>(Ed. Pourquoi pas ?)<\/em><\/td>\n<td>Claude Cl\u00e9ment \/ Tildey Barbey<\/td>\n<\/tr>\n<\/tbody>\n<\/table>\n<\/div>\n\n\n\n<div class=\"tab-categorie has-small-font-size\">\n<table>\n<tbody>\n<tr>\n<td colspan=\"2\" class=\"centrage fond-rouge\">S\u00e9lection TATOU ROUGE<\/td>\n<\/tr>\n<tr>\n<td class=\"centrage fond-rouge\">Titre<\/td>\n<td class=\"centrage fond-rouge\">Auteur<\/td>\n<\/tr>\n<tr>\n<td>Les bo\u00eetes aux lettres  <em>(Ed. Amaterra)<\/em><\/td>\n<td>Gilles Baum<\/td>\n<\/tr>\n<tr>\n<td>Pour Lily &#8211; Quartier sensible <em>(Ed. Ecole des loisirs)<\/em><\/td>\n<td>Marie Desplechin \/ Olivier Balez<\/td>\n<\/tr>\n<tr>\n<td>Papier bulle <em>(Ed. Alice)<\/em><\/td>\n<td>Simon Boulerice \/ Eve Patenaude<\/td>\n<\/tr>\n<tr>\n<td>La vie est un film <em>(Ed. Alice)<\/em><\/td>\n<td>Ma\u00eft\u00e9 Carranza \/ Anne Cohen Beucher <\/td>\n<\/tr>\n<tr>\n<td class=\"texte-rouge\">Missi\u00e9 <em>(Ed. D&rsquo;eux)<\/em><\/td>\n<td class=\"texte-rouge\">Christophe L\u00e9on \/ Yves Barroux<\/td>\n<\/tr>\n<tr>\n<td>Les pierres br\u00fbl\u00e9es <em>(Ed. Thierry Magnier)<\/em><\/td>\n<td>Sarah Turoche-Dromery<\/td>\n<\/tr>\n<\/tbody>\n<\/table>\n<\/div>\n\n\n\n<div class=\"tab-categorie has-small-font-size\">\n<table>\n<tbody>\n<tr>\n<td class=\"centrage\" colspan=\"2\">S\u00e9lection TATOU BLANC<\/td>\n<\/tr>\n<tr>\n<td class=\"centrage\">Titre<\/td>\n<td class=\"centrage\">Auteur<\/td>\n<\/tr>\n<tr>\n<td>Fight <em>(Ed. Magnard)<\/em><\/td>\n<td>Jean Tevelis<\/td>\n<\/tr>\n<tr>\n<td>Les histoires des autres <em>(Ed. Thierry Magnier)<\/em><\/td>\n<td>Muriel Z\u00fcrcher<\/td>\n<\/tr>\n<tr>\n<td>Tout ira bien <em>(Ed. Sarbacane)<\/em><\/td>\n<td>St\u00e9phanie Richard<\/td>\n<\/tr>\n<tr>\n<td>Sombre <em>(Ed. Calicot)<\/em><\/td>\n<td>Patrice Favaro<\/td>\n<\/tr>\n<tr>\n<td>Il \u00e9tait un petit navire <em>(Ed. Thierry Magnier)<\/em><\/td>\n<td>Martine Pouchain<\/td>\n<\/tr>\n<tr>\n<td class=\"texte-rouge\">Le livre bleu de Nebo <em>(Ed. Actes Sud Junior)<\/em><\/td>\n<td class=\"texte-rouge\">Manon Steffan Ros<\/td>\n<\/tr>\n<\/tbody>\n<\/table>\n<\/div>\n\n\n\n<div class=\"tab-categorie has-small-font-size\">\n<table>\n<tbody>\n<tr>\n<td class=\"centrage fond-noir\" colspan=\"2\">S\u00e9lection TATOU NOIR<\/td>\n<\/tr>\n<tr>\n<td class=\"centrage fond-noir\">Titre<\/td>\n<td class=\"centrage fond-noir\">Auteur<\/td>\n<\/tr>\n<tr>\n<td>Au vent mauvais <em>(Ed. Le Seuil)<\/em><\/td>\n<td>Kaouther Adimi<\/td>\n<\/tr>\n<tr>\n<td>Dopamine <em>(Ed. Syros)<\/em><\/td>\n<td>Patrick Bard<\/td>\n<\/tr>\n<tr>\n<td class=\"texte-rouge\">Malencontre <em>(Ed. IN8)<\/em><\/td>\n<td class=\"texte-rouge\">Laurence Biberfeld<\/td>\n<\/tr>\n<tr>\n<td>En couple <em>(Ed. Talents hauts)<\/em><\/td>\n<td>Coline Pierr\u00e9<\/td>\n<\/tr>\n<tr>\n<td>Baraque \u00e0 frites <em>(Ed. IN8)<\/em><\/td>\n<td>Jeremy Bouquin<\/td>\n<\/tr>\n<tr>\n<td>Les errantes <em>(Ed. Actes Sud Junior)<\/em><\/td>\n<td>Jo Witek<\/td>\n<\/tr>\n<\/tbody>\n<\/table><\/div>\n","protected":false},"excerpt":{"rendered":"<p>Voici les livres qui ont \u00e9t\u00e9 s\u00e9lectionn\u00e9s pour le prix Tatoulu 2024 : (les livres prim\u00e9s sont en rouge) S\u00e9lection TATOU ROSE Titre Auteur C&rsquo;est quand l&rsquo;\u00e9t\u00e9 ? (Ed. Diplodocus) Romane Lefebvre Bonogong (Ed. Helvetiq) Moog &#038; Dwiggy Jupiter et moi (Ed. Alice) Maria Paola Pesce \/ Stefano Martinuz Moi je ne suis pas un &hellip; <a href=\"https:\/\/tatoulu.org\/index.php\/selections-prix-2024\/\" class=\"more-link\">Continuer la lecture<span class=\"screen-reader-text\"> de &laquo;&nbsp;S\u00e9lections prix 2024&nbsp;&raquo;<\/span><\/a><\/p>\n","protected":false},"author":5,"featured_media":0,"parent":0,"menu_order":0,"comment_status":"closed","ping_status":"closed","template":"","meta":{"footnotes":""},"class_list":["post-1519","page","type-page","status-publish","hentry"],"_links":{"self":[{"href":"https:\/\/tatoulu.org\/index.php\/wp-json\/wp\/v2\/pages\/1519","targetHints":{"allow":["GET"]}}],"collection":[{"href":"https:\/\/tatoulu.org\/index.php\/wp-json\/wp\/v2\/pages"}],"about":[{"href":"https:\/\/tatoulu.org\/index.php\/wp-json\/wp\/v2\/types\/page"}],"author":[{"embeddable":true,"href":"https:\/\/tatoulu.org\/index.php\/wp-json\/wp\/v2\/users\/5"}],"replies":[{"embeddable":true,"href":"https:\/\/tatoulu.org\/index.php\/wp-json\/wp\/v2\/comments?post=1519"}],"version-history":[{"count":37,"href":"https:\/\/tatoulu.org\/index.php\/wp-json\/wp\/v2\/pages\/1519\/revisions"}],"predecessor-version":[{"id":1777,"href":"https:\/\/tatoulu.org\/index.php\/wp-json\/wp\/v2\/pages\/1519\/revisions\/1777"}],"wp:attachment":[{"href":"https:\/\/tatoulu.org\/index.php\/wp-json\/wp\/v2\/media?parent=1519"}],"curies":[{"name":"wp","href":"https:\/\/api.w.org\/{rel}","templated":true}]}}