

{"id":1864,"date":"2024-10-25T22:09:20","date_gmt":"2024-10-25T20:09:20","guid":{"rendered":"https:\/\/tatoulu.org\/?page_id=1864"},"modified":"2025-03-25T16:56:38","modified_gmt":"2025-03-25T15:56:38","slug":"rencontre-avec-christophe-leon","status":"publish","type":"page","link":"https:\/\/tatoulu.org\/index.php\/rencontre-avec-christophe-leon\/","title":{"rendered":"Rencontre avec Christophe L\u00e9on"},"content":{"rendered":"\n<p><em>Avril 2024.<\/em><\/p>\n\n\n<div class=\"wp-block-image\">\n<figure class=\"aligncenter size-large\"><img loading=\"lazy\" decoding=\"async\" width=\"1024\" height=\"465\" src=\"https:\/\/tatoulu.org\/wp-content\/uploads\/RencontreLeon11-1024x465.jpg\" alt=\"\" class=\"wp-image-1672\" srcset=\"https:\/\/tatoulu.org\/wp-content\/uploads\/RencontreLeon11-1024x465.jpg 1024w, https:\/\/tatoulu.org\/wp-content\/uploads\/RencontreLeon11-300x136.jpg 300w, https:\/\/tatoulu.org\/wp-content\/uploads\/RencontreLeon11-768x349.jpg 768w, https:\/\/tatoulu.org\/wp-content\/uploads\/RencontreLeon11-1536x697.jpg 1536w, https:\/\/tatoulu.org\/wp-content\/uploads\/RencontreLeon11-2048x930.jpg 2048w, https:\/\/tatoulu.org\/wp-content\/uploads\/RencontreLeon11-1200x545.jpg 1200w\" sizes=\"auto, (max-width: 709px) 85vw, (max-width: 909px) 67vw, (max-width: 1362px) 62vw, 840px\" \/><\/figure>\n<\/div>\n\n\n<hr class=\"wp-block-separator has-alpha-channel-opacity\"\/>\n\n\n\n<p class=\"has-medium-font-size\"><strong>Les \u00e9l\u00e8ves de l\u2019atelier Tatoulu et les \u00e9l\u00e8ves de 5<sup>e<\/sup> B du coll\u00e8ge du Clos Fleuri de L&rsquo;Isle Jourdain<\/strong> ont accueilli au CDI jeudi 4 avril dernier Christophe L\u00e9on, ancien joueur de tennis professionnel puis appareilleur orthop\u00e9diste, peintre, auteur, \u00e9diteur et p\u00e8re au foyer.<\/p>\n\n\n\n<p>Dans un premier temps, ce fut l\u2019occasion d\u2019\u00e9changer sur son parcours atypique et sur ses multiples inspirations document\u00e9es \u00e0 l\u2019origine de l\u2019\u00e9criture du texte \u00ab&nbsp;Missi\u00e9&nbsp;\u00bb, titre en lice au Prix Tatoulu 2023-24. Les th\u00e8mes abord\u00e9s dans ce r\u00e9cit ont fait d\u00e9bat (racisme, discriminations, abolition de la peine de mort, regard des autres, d\u00e9sinformation).<\/p>\n\n\n\n<p>Dans un deuxi\u00e8me temps, les \u00e9l\u00e8ves ont endoss\u00e9 le m\u00e9tier d\u2019\u00e9crivain au travers d\u2019une activit\u00e9 litt\u00e9raire consistant \u00e0 produire des d\u00e9buts de r\u00e9cits en int\u00e9grant des mots impos\u00e9s ou extraits de phrases par l\u2019auteur puis choisis par les \u00e9l\u00e8ves (atelier dit \u00ab&nbsp;oulipien&nbsp;\u00bb). Ces mots qui leur \u00e9taient incompr\u00e9hensibles au d\u00e9part ont donn\u00e9 naissance \u00e0 des textes humoristiques que des volontaires ont lus \u00e0 voix haute.<\/p>\n\n\n\n<p>Une exp\u00e9rience litt\u00e9raire cr\u00e9ative et inspirante pour tous.<\/p>\n\n\n\n<figure class=\"wp-block-gallery has-nested-images columns-4 is-cropped wp-block-gallery-1 is-layout-flex wp-block-gallery-is-layout-flex\">\n<figure class=\"wp-block-image size-thumbnail\"><a href=\"https:\/\/tatoulu.org\/wp-content\/uploads\/RencontreLeon5-scaled.jpg\" target=\"_blank\" rel=\"noopener\"><img loading=\"lazy\" decoding=\"async\" width=\"150\" height=\"150\" data-id=\"1669\" src=\"https:\/\/tatoulu.org\/wp-content\/uploads\/RencontreLeon5-150x150.jpg\" alt=\"\" class=\"wp-image-1669\"\/><\/a><\/figure>\n\n\n\n<figure class=\"wp-block-image size-thumbnail\"><a href=\"https:\/\/tatoulu.org\/wp-content\/uploads\/RencontreLeon4-scaled.jpg\" target=\"_blank\" rel=\"noopener\"><img loading=\"lazy\" decoding=\"async\" width=\"150\" height=\"150\" data-id=\"1668\" src=\"https:\/\/tatoulu.org\/wp-content\/uploads\/RencontreLeon4-150x150.jpg\" alt=\"\" class=\"wp-image-1668\"\/><\/a><\/figure>\n\n\n\n<figure class=\"wp-block-image size-thumbnail\"><a href=\"https:\/\/tatoulu.org\/wp-content\/uploads\/RencontreLeon3-scaled.jpg\" target=\"_blank\" rel=\"noopener\"><img loading=\"lazy\" decoding=\"async\" width=\"150\" height=\"150\" data-id=\"1667\" src=\"https:\/\/tatoulu.org\/wp-content\/uploads\/RencontreLeon3-150x150.jpg\" alt=\"\" class=\"wp-image-1667\"\/><\/a><\/figure>\n\n\n\n<figure class=\"wp-block-image size-thumbnail\"><a href=\"https:\/\/tatoulu.org\/wp-content\/uploads\/RencontreLeon2-scaled.jpg\" target=\"_blank\" rel=\"noopener\"><img loading=\"lazy\" decoding=\"async\" width=\"150\" height=\"150\" data-id=\"1666\" src=\"https:\/\/tatoulu.org\/wp-content\/uploads\/RencontreLeon2-150x150.jpg\" alt=\"\" class=\"wp-image-1666\"\/><\/a><\/figure>\n<\/figure>\n","protected":false},"excerpt":{"rendered":"<p>Avril 2024. Les \u00e9l\u00e8ves de l\u2019atelier Tatoulu et les \u00e9l\u00e8ves de 5e B du coll\u00e8ge du Clos Fleuri de L&rsquo;Isle Jourdain ont accueilli au CDI jeudi 4 avril dernier Christophe L\u00e9on, ancien joueur de tennis professionnel puis appareilleur orthop\u00e9diste, peintre, auteur, \u00e9diteur et p\u00e8re au foyer. Dans un premier temps, ce fut l\u2019occasion d\u2019\u00e9changer sur &hellip; <a href=\"https:\/\/tatoulu.org\/index.php\/rencontre-avec-christophe-leon\/\" class=\"more-link\">Continuer la lecture<span class=\"screen-reader-text\"> de &laquo;&nbsp;Rencontre avec Christophe L\u00e9on&nbsp;&raquo;<\/span><\/a><\/p>\n","protected":false},"author":5,"featured_media":0,"parent":0,"menu_order":0,"comment_status":"closed","ping_status":"closed","template":"","meta":{"footnotes":""},"class_list":["post-1864","page","type-page","status-publish","hentry"],"_links":{"self":[{"href":"https:\/\/tatoulu.org\/index.php\/wp-json\/wp\/v2\/pages\/1864","targetHints":{"allow":["GET"]}}],"collection":[{"href":"https:\/\/tatoulu.org\/index.php\/wp-json\/wp\/v2\/pages"}],"about":[{"href":"https:\/\/tatoulu.org\/index.php\/wp-json\/wp\/v2\/types\/page"}],"author":[{"embeddable":true,"href":"https:\/\/tatoulu.org\/index.php\/wp-json\/wp\/v2\/users\/5"}],"replies":[{"embeddable":true,"href":"https:\/\/tatoulu.org\/index.php\/wp-json\/wp\/v2\/comments?post=1864"}],"version-history":[{"count":12,"href":"https:\/\/tatoulu.org\/index.php\/wp-json\/wp\/v2\/pages\/1864\/revisions"}],"predecessor-version":[{"id":1926,"href":"https:\/\/tatoulu.org\/index.php\/wp-json\/wp\/v2\/pages\/1864\/revisions\/1926"}],"wp:attachment":[{"href":"https:\/\/tatoulu.org\/index.php\/wp-json\/wp\/v2\/media?parent=1864"}],"curies":[{"name":"wp","href":"https:\/\/api.w.org\/{rel}","templated":true}]}}