

{"id":1930,"date":"2025-03-25T17:46:19","date_gmt":"2025-03-25T16:46:19","guid":{"rendered":"https:\/\/tatoulu.org\/?page_id=1930"},"modified":"2025-03-25T17:49:16","modified_gmt":"2025-03-25T16:49:16","slug":"rencontre-avec-guillaume-gueraud","status":"publish","type":"page","link":"https:\/\/tatoulu.org\/index.php\/rencontre-avec-guillaume-gueraud\/","title":{"rendered":"Rencontre avec Guillaume Gu\u00e9raud"},"content":{"rendered":"\n<p><em>F\u00e9vrier 2025.<\/em><\/p>\n\n\n\n<p class=\"has-medium-font-size\">Une classe de 6e du coll\u00e8ge La Salle de Pibrac a accueilli lundi 3 f\u00e9vrier dernier l\u2019auteur de \u00ab Mon grand-p\u00e8re est un gangster \u00bb.<\/p>\n\n\n\n<p>Les \u00e9l\u00e8ves l&rsquo;ont questionn\u00e9 sur son quotidien \u00e0 P\u00e9zenas et sur son parcours, notamment ses exp\u00e9riences professionnelles en prison et son v\u00e9cu \u00e0 Marseille, ainsi que sur la construction du r\u00e9cit de son livre.<\/p>\n\n\n<div class=\"wp-block-image\">\n<figure class=\"aligncenter size-large\"><img loading=\"lazy\" decoding=\"async\" width=\"1024\" height=\"377\" src=\"https:\/\/tatoulu.org\/wp-content\/uploads\/Photo-Gueraud2-1024x377.jpg\" alt=\"\" class=\"wp-image-1933\" srcset=\"https:\/\/tatoulu.org\/wp-content\/uploads\/Photo-Gueraud2-1024x377.jpg 1024w, https:\/\/tatoulu.org\/wp-content\/uploads\/Photo-Gueraud2-300x111.jpg 300w, https:\/\/tatoulu.org\/wp-content\/uploads\/Photo-Gueraud2-768x283.jpg 768w, https:\/\/tatoulu.org\/wp-content\/uploads\/Photo-Gueraud2.jpg 1080w\" sizes=\"auto, (max-width: 709px) 85vw, (max-width: 909px) 67vw, (max-width: 1362px) 62vw, 840px\" \/><\/figure>\n<\/div>\n\n\n<p>Ils ont ensuite pris un malin plaisir \u00e0 jouer avec des mots, parfois familiers, pour aboutir \u00e0 de courtes histoires insolites : partant de l\u2019observation de deux sc\u00e8nes successives du tournage d&rsquo;un film, chaque \u00e9l\u00e8ve devait se mettre dans la peau d\u2019un des personnages et \u00e9crire une action au pr\u00e9sent puis le dialogue int\u00e9rieur du personnage (\u00ab en n\u2019oubliant pas la majuscule et les guillemets \u00bb).<\/p>\n\n\n\n<p>L\u2019association d\u2019id\u00e9es a donn\u00e9 naissance \u00e0 des r\u00e9cits aussi d\u00e9lirants que les personnages imagin\u00e9s par Guillaume Gu\u00e9raud.<\/p>\n\n\n\n<p>Une parenth\u00e8se litt\u00e9raire qui a permis \u00e0 certains de s\u2019exprimer \u00e0 l\u2019\u00e9crit librement, avec pour seule r\u00e8gle \u00e0 suivre : que les mots employ\u00e9s, parfois familiers ou grossiers, soient coh\u00e9rents avec l\u2019histoire invent\u00e9e ! Un recueil de nouvelles est peut-\u00eatre en cours d\u2019\u00e9criture &#8230;<\/p>\n\n\n\n<figure class=\"wp-block-gallery has-nested-images columns-default is-cropped wp-block-gallery-1 is-layout-flex wp-block-gallery-is-layout-flex\">\n<figure class=\"wp-block-image size-medium\"><a href=\"https:\/\/tatoulu.org\/wp-content\/uploads\/grand-pere-gangster.jpg\" target=\"_blank\" rel=\"noopener\"><img loading=\"lazy\" decoding=\"async\" width=\"221\" height=\"300\" data-id=\"1937\" src=\"https:\/\/tatoulu.org\/wp-content\/uploads\/grand-pere-gangster-221x300.jpg\" alt=\"\" class=\"wp-image-1937\" srcset=\"https:\/\/tatoulu.org\/wp-content\/uploads\/grand-pere-gangster-221x300.jpg 221w, https:\/\/tatoulu.org\/wp-content\/uploads\/grand-pere-gangster.jpg 370w\" sizes=\"auto, (max-width: 221px) 85vw, 221px\" \/><\/a><\/figure>\n\n\n\n<figure class=\"wp-block-image size-large\"><a href=\"https:\/\/tatoulu.org\/wp-content\/uploads\/Photo-Gueraud1.jpg\" target=\"_blank\" rel=\"noopener\"><img loading=\"lazy\" decoding=\"async\" width=\"768\" height=\"1024\" data-id=\"1932\" src=\"https:\/\/tatoulu.org\/wp-content\/uploads\/Photo-Gueraud1-768x1024.jpg\" alt=\"\" class=\"wp-image-1932\" srcset=\"https:\/\/tatoulu.org\/wp-content\/uploads\/Photo-Gueraud1-768x1024.jpg 768w, https:\/\/tatoulu.org\/wp-content\/uploads\/Photo-Gueraud1-225x300.jpg 225w, https:\/\/tatoulu.org\/wp-content\/uploads\/Photo-Gueraud1.jpg 1080w\" sizes=\"auto, (max-width: 768px) 85vw, 768px\" \/><\/a><\/figure>\n<\/figure>\n","protected":false},"excerpt":{"rendered":"<p>F\u00e9vrier 2025. Une classe de 6e du coll\u00e8ge La Salle de Pibrac a accueilli lundi 3 f\u00e9vrier dernier l\u2019auteur de \u00ab Mon grand-p\u00e8re est un gangster \u00bb. Les \u00e9l\u00e8ves l&rsquo;ont questionn\u00e9 sur son quotidien \u00e0 P\u00e9zenas et sur son parcours, notamment ses exp\u00e9riences professionnelles en prison et son v\u00e9cu \u00e0 Marseille, ainsi que sur la &hellip; <a href=\"https:\/\/tatoulu.org\/index.php\/rencontre-avec-guillaume-gueraud\/\" class=\"more-link\">Continuer la lecture<span class=\"screen-reader-text\"> de &laquo;&nbsp;Rencontre avec Guillaume Gu\u00e9raud&nbsp;&raquo;<\/span><\/a><\/p>\n","protected":false},"author":5,"featured_media":1934,"parent":0,"menu_order":0,"comment_status":"closed","ping_status":"closed","template":"","meta":{"footnotes":""},"class_list":["post-1930","page","type-page","status-publish","has-post-thumbnail","hentry"],"_links":{"self":[{"href":"https:\/\/tatoulu.org\/index.php\/wp-json\/wp\/v2\/pages\/1930","targetHints":{"allow":["GET"]}}],"collection":[{"href":"https:\/\/tatoulu.org\/index.php\/wp-json\/wp\/v2\/pages"}],"about":[{"href":"https:\/\/tatoulu.org\/index.php\/wp-json\/wp\/v2\/types\/page"}],"author":[{"embeddable":true,"href":"https:\/\/tatoulu.org\/index.php\/wp-json\/wp\/v2\/users\/5"}],"replies":[{"embeddable":true,"href":"https:\/\/tatoulu.org\/index.php\/wp-json\/wp\/v2\/comments?post=1930"}],"version-history":[{"count":6,"href":"https:\/\/tatoulu.org\/index.php\/wp-json\/wp\/v2\/pages\/1930\/revisions"}],"predecessor-version":[{"id":1941,"href":"https:\/\/tatoulu.org\/index.php\/wp-json\/wp\/v2\/pages\/1930\/revisions\/1941"}],"wp:featuredmedia":[{"embeddable":true,"href":"https:\/\/tatoulu.org\/index.php\/wp-json\/wp\/v2\/media\/1934"}],"wp:attachment":[{"href":"https:\/\/tatoulu.org\/index.php\/wp-json\/wp\/v2\/media?parent=1930"}],"curies":[{"name":"wp","href":"https:\/\/api.w.org\/{rel}","templated":true}]}}