

{"id":1942,"date":"2025-03-26T15:06:13","date_gmt":"2025-03-26T14:06:13","guid":{"rendered":"https:\/\/tatoulu.org\/?page_id=1942"},"modified":"2025-03-26T15:11:42","modified_gmt":"2025-03-26T14:11:42","slug":"sinterroger-sur-li-a-avec-tatoulu","status":"publish","type":"page","link":"https:\/\/tatoulu.org\/index.php\/sinterroger-sur-li-a-avec-tatoulu\/","title":{"rendered":"S&rsquo;interroger sur l&rsquo;I.A avec Tatoulu"},"content":{"rendered":"\n<p><em>Mars 2025.<\/em><\/p>\n\n\n\n<p class=\"has-medium-font-size\">Au coll\u00e8ge le Clos Fleuri \u00e0 l&rsquo;Isle Jourdain <em>(Gers)<\/em>, le roman \u00ab Telle que je suis \u00bb d&rsquo;Elle Mc Nicoll <em>(s\u00e9lection Rouge pour le prix TATOULU 2025<\/em>) a donn\u00e9 lieu \u00e0 un d\u00e9bat mouvant (*) sur l&rsquo;intelligence artificielle.<\/p>\n\n\n\n<figure class=\"wp-block-gallery has-nested-images columns-default is-cropped wp-block-gallery-1 is-layout-flex wp-block-gallery-is-layout-flex\">\n<figure class=\"wp-block-image size-large\"><a href=\"https:\/\/tatoulu.org\/wp-content\/uploads\/Telle-que-je-suis.jpg\" target=\"_blank\" rel=\"noopener\"><img loading=\"lazy\" decoding=\"async\" width=\"195\" height=\"288\" data-id=\"1948\" src=\"https:\/\/tatoulu.org\/wp-content\/uploads\/Telle-que-je-suis.jpg\" alt=\"\" class=\"wp-image-1948\"\/><\/a><\/figure>\n\n\n\n<figure class=\"wp-block-image size-large\"><a href=\"https:\/\/tatoulu.org\/wp-content\/uploads\/Article-IA4.jpg\" target=\"_blank\" rel=\"noopener\"><img loading=\"lazy\" decoding=\"async\" width=\"1024\" height=\"676\" data-id=\"1947\" src=\"https:\/\/tatoulu.org\/wp-content\/uploads\/Article-IA4-1024x676.jpg\" alt=\"\" class=\"wp-image-1947\" srcset=\"https:\/\/tatoulu.org\/wp-content\/uploads\/Article-IA4-1024x676.jpg 1024w, https:\/\/tatoulu.org\/wp-content\/uploads\/Article-IA4-300x198.jpg 300w, https:\/\/tatoulu.org\/wp-content\/uploads\/Article-IA4-768x507.jpg 768w, https:\/\/tatoulu.org\/wp-content\/uploads\/Article-IA4.jpg 1080w\" sizes=\"auto, (max-width: 709px) 85vw, (max-width: 909px) 67vw, (max-width: 1362px) 62vw, 840px\" \/><\/a><\/figure>\n<\/figure>\n\n\n\n<p>Les \u00e9l\u00e8ves d\u2019une classe de 5e  ont d\u00e9battu \u00e0 partir du livre sur les questionnements que g\u00e9n\u00e8re l&rsquo;I.A. actuellement : peut-elle vraiment remplacer une personne physique, une intelligence humaine dot\u00e9e d\u2019\u00e9motions, de sentiments et d\u2019\u00e9motions&#8230; ? Ils ont aussi abord\u00e9 la question des \u00ab addictions \u00bb \u00e0 la robotisation du comportement humain, ainsi que la possibilit\u00e9 gr\u00e2ce \u00e0 l&rsquo;I.A. de \u00ab gommer \u00bb l&rsquo;handicap d\u2019une personne pour une meilleure int\u00e9gration sociale et la possibilit\u00e9 de modifier le regard des autres sur soi.<\/p>\n\n\n\n<p>L\u2019objectif du d\u00e9bat \u00e9tait de convaincre le ou les camarade(s) qui n\u2019avaient pas le m\u00eame avis sur une interrogation pos\u00e9e en d\u00e9veloppant une argumentation puis\u00e9e dans certains extraits du livre et dans un autre travaill\u00e9 en s\u00e9ances de fran\u00e7ais, \u00ab Interfeel \u00bb \u00e9crit par Antonin Atger.<\/p>\n\n\n\n<p>Les d\u00e9bats anim\u00e9s sur le sujet ne sont pas clos, mais ils ont permis, le temps d\u2019une s\u00e9ance, d\u2019ouvrir la r\u00e9flexion sur la place d\u2019un adolescent et plus largement de l\u2019\u00eatre humain dans une soci\u00e9t\u00e9 du \u00ab tout-num\u00e9rique \u00bb.<\/p>\n\n\n<div class=\"wp-block-image\">\n<figure class=\"aligncenter size-large\"><img loading=\"lazy\" decoding=\"async\" width=\"1024\" height=\"520\" src=\"https:\/\/tatoulu.org\/wp-content\/uploads\/Article-IA2-1024x520.jpg\" alt=\"\" class=\"wp-image-1945\" srcset=\"https:\/\/tatoulu.org\/wp-content\/uploads\/Article-IA2-1024x520.jpg 1024w, https:\/\/tatoulu.org\/wp-content\/uploads\/Article-IA2-300x152.jpg 300w, https:\/\/tatoulu.org\/wp-content\/uploads\/Article-IA2-768x390.jpg 768w, https:\/\/tatoulu.org\/wp-content\/uploads\/Article-IA2.jpg 1080w\" sizes=\"auto, (max-width: 709px) 85vw, (max-width: 909px) 67vw, (max-width: 1362px) 62vw, 840px\" \/><\/figure>\n<\/div>\n\n\n<p class=\"has-small-font-size\">(*) Les participants \u00e0 un d\u00e9bat mouvant donnent leur avis en se d\u00e9pla\u00e7ant d&rsquo;un c\u00f4t\u00e9 ou de l&rsquo;autre d&rsquo;une ligne au sol <em>(\u00ab\u00a0plut\u00f4t oui ou plut\u00f4t non\u00a0\u00bb)<\/em>.<\/p>\n","protected":false},"excerpt":{"rendered":"<p>Mars 2025. Au coll\u00e8ge le Clos Fleuri \u00e0 l&rsquo;Isle Jourdain (Gers), le roman \u00ab Telle que je suis \u00bb d&rsquo;Elle Mc Nicoll (s\u00e9lection Rouge pour le prix TATOULU 2025) a donn\u00e9 lieu \u00e0 un d\u00e9bat mouvant (*) sur l&rsquo;intelligence artificielle. Les \u00e9l\u00e8ves d\u2019une classe de 5e ont d\u00e9battu \u00e0 partir du livre sur les questionnements &hellip; <a href=\"https:\/\/tatoulu.org\/index.php\/sinterroger-sur-li-a-avec-tatoulu\/\" class=\"more-link\">Continuer la lecture<span class=\"screen-reader-text\"> de &laquo;&nbsp;S&rsquo;interroger sur l&rsquo;I.A avec Tatoulu&nbsp;&raquo;<\/span><\/a><\/p>\n","protected":false},"author":5,"featured_media":1950,"parent":0,"menu_order":0,"comment_status":"closed","ping_status":"closed","template":"","meta":{"footnotes":""},"class_list":["post-1942","page","type-page","status-publish","has-post-thumbnail","hentry"],"_links":{"self":[{"href":"https:\/\/tatoulu.org\/index.php\/wp-json\/wp\/v2\/pages\/1942","targetHints":{"allow":["GET"]}}],"collection":[{"href":"https:\/\/tatoulu.org\/index.php\/wp-json\/wp\/v2\/pages"}],"about":[{"href":"https:\/\/tatoulu.org\/index.php\/wp-json\/wp\/v2\/types\/page"}],"author":[{"embeddable":true,"href":"https:\/\/tatoulu.org\/index.php\/wp-json\/wp\/v2\/users\/5"}],"replies":[{"embeddable":true,"href":"https:\/\/tatoulu.org\/index.php\/wp-json\/wp\/v2\/comments?post=1942"}],"version-history":[{"count":6,"href":"https:\/\/tatoulu.org\/index.php\/wp-json\/wp\/v2\/pages\/1942\/revisions"}],"predecessor-version":[{"id":1957,"href":"https:\/\/tatoulu.org\/index.php\/wp-json\/wp\/v2\/pages\/1942\/revisions\/1957"}],"wp:featuredmedia":[{"embeddable":true,"href":"https:\/\/tatoulu.org\/index.php\/wp-json\/wp\/v2\/media\/1950"}],"wp:attachment":[{"href":"https:\/\/tatoulu.org\/index.php\/wp-json\/wp\/v2\/media?parent=1942"}],"curies":[{"name":"wp","href":"https:\/\/api.w.org\/{rel}","templated":true}]}}