

{"id":385,"date":"2019-08-29T10:43:49","date_gmt":"2019-08-29T08:43:49","guid":{"rendered":"http:\/\/tatoulu.org\/?page_id=385"},"modified":"2020-12-14T09:25:24","modified_gmt":"2020-12-14T08:25:24","slug":"selections-prix-2019-2","status":"publish","type":"page","link":"https:\/\/tatoulu.org\/index.php\/selections-prix-2019-2\/","title":{"rendered":"S\u00e9lections prix 2019"},"content":{"rendered":"\n<p class=\"supp-marge-basse\">Voici les livres qui ont \u00e9t\u00e9 s\u00e9lectionn\u00e9s pour le prix <strong>Tatoulu 2019<\/strong> :<\/p>\n\n\n\n<p class=\"texte-rouge has-small-font-size\"><em>(les livres prim\u00e9s sont en rouge)<\/em><\/p>\n\n\n\n<div class=\"tab-categorie has-small-font-size\">\n<table>\n<tbody>\n<tr>\n<td colspan=\"2\" class=\"centrage fond-rose\">S\u00e9lection TATOU ROSE<\/td>\n<\/tr>\n<tr>\n<td class=\"centrage fond-rose\">Titre<\/td>\n<td class=\"centrage fond-rose\">Auteur<\/td>\n<\/tr>\n<tr>\n<td>Je ne te vois plus <em>(Ed. 400 coups)<\/em><\/td>\n<td>Paul Martin<\/td>\n<\/tr>\n<tr>\n<td class=\"texte-rouge\">L&rsquo;histoire du loup et du petit chaperon rouge <em>(Ed. Alice)<\/em><\/td>\n<td class=\"texte-rouge\">Seblight<\/td>\n<\/tr>\n<tr>\n<td>Le poisson <em>(Ed. du Rouergue)<\/em><\/td>\n<td>Ronald Curchod<\/td>\n<\/tr>\n<tr>\n<td>Ombres <em>(Ed. La joie de lire)<\/em><\/td>\n<td>Marta Monteiro<\/td>\n<\/tr>\n<tr>\n<td>Le brouillard <em>(Ed. La past\u00e8que)<\/em><\/td>\n<td>Kyo Maclear \/ Kenard Pak<\/td>\n<\/tr>\n<tr>\n<td>Dans ma montagne <em>(Ed. Le p\u00e8re fouettard)<\/em><\/td>\n<td>Fran\u00e7ois Aubineau \/ J\u00e9r\u00f4me Peyrat<\/td>\n<\/tr>\n<\/tbody>\n<\/table>\n<\/div>\n\n\n\n<div class=\"tab-categorie has-small-font-size\">\n<table>\n<tbody>\n<tr>\n<td class=\"centrage fond-jaune\" colspan=\"2\">S\u00e9lection TATOU JAUNE<\/td>\n<\/tr>\n<tr>\n<td class=\"centrage fond-jaune\">Titre<\/td>\n<td class=\"centrage fond-jaune\">Auteur<\/td>\n<\/tr>\n<tr>\n<td>La for\u00eat en mon coeur <em>(Ed. Balivernes)<\/em><\/td>\n<td>Adolfo Serra<\/td>\n<\/tr>\n<tr>\n<td>Les salades de mon grand-p\u00e8re <em>(Ed. Le diplodocus)<\/em><\/td>\n<td>Joanna Wiejak<\/td>\n<\/tr>\n<tr>\n<td class=\"texte-rouge\">Loup\u00e9 <em>(Ed. du Rouergue)<\/em><\/td>\n<td class=\"texte-rouge\">Christian Voltz<\/td>\n<\/tr>\n<tr>\n<td>Non, pas toi <em>(Ed. Le Poisson soluble)<\/em><\/td>\n<td>Fanuel Hanan Diaz \/ Luis Leston<\/td>\n<\/tr>\n<tr>\n<td>La le\u00e7on <em>(Ed. Frimousse)<\/em><\/td>\n<td>Micha\u00ebl Escoffier<\/td>\n<\/tr>\n<tr>\n<td>Pens\u00e9es nocturnes <em>(Ed. La joie de lire)<\/em><\/td>\n<td>Jonas Taul<\/td>\n<\/tr>\n<\/tbody>\n<\/table>\n<\/div>\n\n\n\n<div class=\"tab-categorie has-small-font-size\">\n<table>\n<tbody>\n<tr>\n<td colspan=\"2\" class=\"centrage fond-vert\">S\u00e9lection TATOU VERT<\/td>\n<\/tr>\n<tr>\n<td class=\"centrage fond-vert\">Titre<\/td>\n<td class=\"centrage fond-vert\">Auteur<\/td>\n<\/tr>\n<tr>\n<td>La petite \u00e9pop\u00e9e des pions <em>(Ed. MeMo)<\/em><\/td>\n<td>Audren \/ C\u00e9dric Philippe<\/td>\n<\/tr>\n<tr>\n<td>Le livre o\u00f9 la poule meurt \u00e0 la fin <em>(Ed. 400 coups)<\/em><\/td>\n<td>Fran\u00e7ois Blais \/ Val\u00e9rie Boivin<\/td>\n<\/tr>\n<tr>\n<td>Le grand saut <em>(Ed. Alice)<\/em><\/td>\n<td>Anne Provoost \/ An Candaele<\/td>\n<\/tr>\n<tr>\n<td>Le tango d&rsquo;Antonella <em>(Ed. Sarbacane)<\/em><\/td>\n<td>Magali Le Huche<\/td>\n<\/tr>\n<tr>\n<td>Le nombril du monde <em>(Ed. du Rouergue)<\/em><\/td>\n<td>Anne Laval<\/td>\n<\/tr>\n<tr>\n<td class=\"texte-rouge\">Philibert Merlin apprenti enchanteur <em>(Ed. du Rouergue)<\/em><\/td>\n<td class=\"texte-rouge\">Gwladys Constant<\/td>\n<\/tr>\n<\/tbody><\/table>\n<\/div>\n\n\n\n<div class=\"tab-categorie has-small-font-size\">\n<table>\n<tbody>\n<tr>\n<td colspan=\"2\" class=\"centrage fond-bleu\">S\u00e9lection TATOU BLEU<\/td>\n<\/tr>\n<tr>\n<td class=\"centrage fond-bleu\">Titre<\/td>\n<td class=\"centrage fond-bleu\">Auteur<\/td>\n<\/tr>\n<tr>\n<td>L&rsquo;oiseau blanc <em>(Ed. du Rouergue)<\/em><\/td>\n<td>Alex Cousseau \/ Charles Dutertre<\/td>\n<\/tr>\n<tr>\n<td>Vingt mille ans <em>(Ed. L&rsquo;initiale)<\/em><\/td>\n<td>Jean Villemin<\/td>\n<\/tr>\n<tr>\n<td>La grande guerre de p\u00e9p\u00e9 C\u00e9lestin <em>(Ed. du mercredi)<\/em><\/td>\n<td>Simon Martin \/ Christophe Jubien \/ Eva Sanchez<\/td>\n<\/tr>\n<tr>\n<td class=\"texte-rouge\">Un son a disparu <em>(Ed. Alice)<\/em><\/td>\n<td class=\"texte-rouge\">Rodrigo Mu\u00f1oz Avia<\/td>\n<\/tr>\n<tr>\n<td>O\u00f9 le vent te m\u00e8ne <em>(Ed. Zebulo)<\/em><\/td>\n<td>Lalou<\/td>\n<\/tr>\n<tr>\n<td>La marche du Baoy\u00e9 <em>(Ed. MeMo)<\/em><\/td>\n<td>Sigrid Baffert<\/td>\n<\/tr>\n<\/tbody><\/table>\n<\/div>\n\n\n\n<div class=\"tab-categorie has-small-font-size\">\n<table>\n<tbody>\n<tr>\n<td class=\"centrage fond-violet\" colspan=\"2\">S\u00e9lection TATOU VIOLET<\/td>\n<\/tr>\n<tr>\n<td class=\"centrage fond-violet\">Titre<\/td>\n<td class=\"centrage fond-violet\">Auteur<\/td>\n<\/tr>\n<tr>\n<td class=\"texte-rouge\">Un son a disparu <em>(Ed. Alice)<\/em><\/td>\n<td class=\"texte-rouge\">Rodrigo Mu\u00f1oz Avia<\/td>\n<\/tr>\n<tr>\n<td>O\u00f9 le vent te m\u00e8ne <em>(Ed. Zebulo)<\/em><\/td>\n<td>Lalou<\/td>\n<\/tr>\n<tr>\n<td>La marche du Baoy\u00e9 <em>(Ed. MeMo)<\/em><\/td>\n<td>Sigrid Baffert<\/td>\n<\/tr>\n<tr>\n<td>Des feuilles et des branches <em>(Ed. Calicot)<\/em><\/td>\n<td>Jilia Billet \/ Manon Ficus<\/td>\n<\/tr>\n<tr>\n<td>Mytho Mamie <em>(Ed. Alice)<\/em><\/td>\n<td>Gwladys Constant<\/td>\n<\/tr>\n<tr>\n<td>Fish Girl <em>(Ed. Le Gen\u00e8vrier)<\/em><\/td>\n<td>David Wiesner \/ Donna Jo Napoli<\/td>\n<\/tr>\n<\/tbody>\n<\/table>\n<\/div>\n\n\n\n<div class=\"tab-categorie has-small-font-size\">\n<table>\n<tbody>\n<tr>\n<td colspan=\"2\" class=\"centrage fond-rouge\">S\u00e9lection TATOU ROUGE<\/td>\n<\/tr>\n<tr>\n<td class=\"centrage fond-rouge\">Titre<\/td>\n<td class=\"centrage fond-rouge\">Auteur<\/td>\n<\/tr>\n<tr>\n<td>Des feuilles et des branches <em>(Ed. Calicot)<\/em><\/td>\n<td>Jilia Billet \/ Manon Ficus<\/td>\n<\/tr>\n<tr>\n<td>Mytho Mamie <em>(Ed. Alice)<\/em><\/td>\n<td>Gwladys Constant<\/td>\n<\/tr>\n<tr>\n<td>Fish Girl <em>(Ed. Le Gen\u00e8vrier)<\/em><\/td>\n<td>David Wiesner \/ Donna Jo Napoli<\/td>\n<\/tr>\n<tr>\n<td class=\"texte-rouge\">Ma vie de Bacha Posh <em>(Ed. Castelmore)<\/em><\/td>\n<td class=\"texte-rouge\">Nadia Hashimi<\/td>\n<\/tr>\n<tr>\n<td>La chanson interdite 1917 <em>(Ed. Oskar)<\/em><\/td>\n<td>Eric Simard<\/td>\n<\/tr>\n<tr>\n<td>La seizi\u00e8me bougie d&rsquo;Emma <em>(Ed. Alice)<\/em><\/td>\n<td>Youri de Paz<\/td>\n<\/tr>\n<\/tbody>\n<\/table>\n<\/div>\n\n\n\n<div class=\"tab-categorie has-small-font-size\">\n<table>\n<tbody>\n<tr>\n<td class=\"centrage\" colspan=\"2\">S\u00e9lection TATOU BLANC<\/td>\n<\/tr>\n<tr>\n<td class=\"centrage\">Titre<\/td>\n<td class=\"centrage\">Auteur<\/td>\n<\/tr>\n<tr>\n<td class=\"texte-rouge\">Kill the indian in the Child<em> (Ed. Oskar)<\/em><\/td>\n<td class=\"texte-rouge\">Elise Fontenaille<\/td>\n<\/tr>\n<tr>\n<td>La trouille <em>(Ed. Calicot)<\/em><\/td>\n<td>Julia Billet<\/td>\n<\/tr>\n<tr>\n<td>Fr\u00e8res <em>(Ed. Albin Michel)<\/em><\/td>\n<td>Kwame Alexander<\/td>\n<\/tr>\n<tr>\n<td>Emma <em>(Ed. Le Muscadier)<\/em><\/td>\n<td>Tess Corsac<\/td>\n<\/tr>\n<tr>\n<td>Les optimistes meurent en premier <em>(Ed. Helium)<\/em><\/td>\n<td>Susin Nielsen<\/td>\n<\/tr>\n<tr>\n<td>Les cancres de Rousseau <em>(Ed. Sarbacane)<\/em><\/td>\n<td>Insa Sane<\/td>\n<\/tr>\n<\/tbody>\n<\/table>\n<\/div>\n\n\n\n<div class=\"tab-categorie has-small-font-size\">\n<table>\n<tbody>\n<tr>\n<td class=\"centrage fond-noir\" colspan=\"2\">S\u00e9lection TATOU NOIR<\/td>\n<\/tr>\n<tr>\n<td class=\"centrage fond-noir\">Titre<\/td>\n<td class=\"centrage fond-noir\">Auteur<\/td>\n<\/tr>\n<tr>\n<td>Une m\u00e8re d&rsquo;huile <em>(Ed. du Rouergue)<\/em><\/td>\n<td>Pascal Morin<\/td>\n<\/tr>\n<tr>\n<td>La fille du van <em>(Ed. Safran)<\/em><\/td>\n<td>Ludovic Ninet<\/td>\n<\/tr>\n<tr>\n<td>L&rsquo;aube sera grandiose <em>(Ed. Gallimard)<\/em><\/td>\n<td>Anne-Laure Boudoux<\/td>\n<\/tr>\n<tr>\n<td class=\"texte-rouge\">D&rsquo;un trait de fusain <em>(Ed. Talents hauts)<\/em><\/td>\n<td class=\"texte-rouge\">Cathy Ytak<\/td>\n<\/tr>\n<tr>\n<td>By the river of Babylon <em>(Ed. Zulma)<\/em><\/td>\n<td>Kei Miller<\/td>\n<\/tr>\n<tr>\n<td>Heather par dessus tout <em>(Ed. Gallimard)<\/em><\/td>\n<td>Matthew Weiner<\/td>\n<\/tr>\n<\/tbody>\n<\/table>\n<\/div>\n","protected":false},"excerpt":{"rendered":"<p>Voici les livres qui ont \u00e9t\u00e9 s\u00e9lectionn\u00e9s pour le prix Tatoulu 2019 : (les livres prim\u00e9s sont en rouge) S\u00e9lection TATOU ROSE Titre Auteur Je ne te vois plus (Ed. 400 coups) Paul Martin L&rsquo;histoire du loup et du petit chaperon rouge (Ed. Alice) Seblight Le poisson (Ed. du Rouergue) Ronald Curchod Ombres (Ed. La &hellip; <a href=\"https:\/\/tatoulu.org\/index.php\/selections-prix-2019-2\/\" class=\"more-link\">Continuer la lecture<span class=\"screen-reader-text\"> de &laquo;&nbsp;S\u00e9lections prix 2019&nbsp;&raquo;<\/span><\/a><\/p>\n","protected":false},"author":5,"featured_media":0,"parent":0,"menu_order":0,"comment_status":"closed","ping_status":"closed","template":"","meta":{"footnotes":""},"class_list":["post-385","page","type-page","status-publish","hentry"],"_links":{"self":[{"href":"https:\/\/tatoulu.org\/index.php\/wp-json\/wp\/v2\/pages\/385","targetHints":{"allow":["GET"]}}],"collection":[{"href":"https:\/\/tatoulu.org\/index.php\/wp-json\/wp\/v2\/pages"}],"about":[{"href":"https:\/\/tatoulu.org\/index.php\/wp-json\/wp\/v2\/types\/page"}],"author":[{"embeddable":true,"href":"https:\/\/tatoulu.org\/index.php\/wp-json\/wp\/v2\/users\/5"}],"replies":[{"embeddable":true,"href":"https:\/\/tatoulu.org\/index.php\/wp-json\/wp\/v2\/comments?post=385"}],"version-history":[{"count":8,"href":"https:\/\/tatoulu.org\/index.php\/wp-json\/wp\/v2\/pages\/385\/revisions"}],"predecessor-version":[{"id":572,"href":"https:\/\/tatoulu.org\/index.php\/wp-json\/wp\/v2\/pages\/385\/revisions\/572"}],"wp:attachment":[{"href":"https:\/\/tatoulu.org\/index.php\/wp-json\/wp\/v2\/media?parent=385"}],"curies":[{"name":"wp","href":"https:\/\/api.w.org\/{rel}","templated":true}]}}