

{"id":40,"date":"2019-08-24T08:21:48","date_gmt":"2019-08-24T06:21:48","guid":{"rendered":"http:\/\/tatoulu.org\/?page_id=40"},"modified":"2025-10-16T10:00:55","modified_gmt":"2025-10-16T08:00:55","slug":"le-prix-tatoulu","status":"publish","type":"page","link":"https:\/\/tatoulu.org\/","title":{"rendered":"Le prix Tatoulu"},"content":{"rendered":"\n<p class=\"texte-rouge has-medium-font-size\"><em><strong>Enseignants, faites conna\u00eetre Tatoulu autour de vous :<\/strong> <\/em><strong><em>nous avons con\u00e7u un flyer destin\u00e9 \u00e0 \u00eatre affich\u00e9 dans votre \u00e9tablissement.<\/em> <\/strong><em>Pour t\u00e9l\u00e9charger le flyer Tatoulu :<\/em> <a href=\"https:\/\/tatoulu.org\/wp-content\/uploads\/Flyer-Tatoulu.pdf\">https:\/\/tatoulu.org\/wp-content\/uploads\/Flyer-Tatoulu.pdf<\/a><\/p>\n\n\n\n<hr class=\"wp-block-separator has-alpha-channel-opacity\"\/>\n\n\n\n<p class=\"has-medium-font-size\">Le prix Tatoulu est un prix de litt\u00e9rature jeunesse d\u00e9cern\u00e9 tous les ans par des groupes de jeunes, enfants ou adolescents.<\/p>\n\n\n<div class=\"wp-block-image\">\n<figure class=\"aligncenter is-resized\"><img decoding=\"async\" src=\"https:\/\/tatoulu.org\/wp-content\/uploads\/livres2.jpg\" alt=\"\" class=\"wp-image-14\" style=\"width:304px;height:317px\"\/><\/figure>\n<\/div>\n\n\n<h2 class=\"wp-block-heading\">Comment est attribu\u00e9 le prix ?<br><\/h2>\n\n\n\n<p>Chaque groupe de jeunes est accompagn\u00e9 dans sa participation au prix par un adulte, le <strong>m\u00e9diateur<\/strong>.<\/p>\n\n\n\n<p>Lors de son adh\u00e9sion \u00e0 Tatoulu, le m\u00e9diateur choisit une <strong>s\u00e9lection<\/strong> de livres pour le groupe qu&rsquo;il prend en charge.  <em>(les s\u00e9lections ont \u00e9t\u00e9 \u00e9tablies l&rsquo;ann\u00e9e pr\u00e9c\u00e9dente par le Comit\u00e9 de Lecture de Tatoulu. Elles correspondent \u00e0 des tranches d&rsquo;\u00e2ge ou \u00e0 des niveaux de classe).<\/em><\/p>\n\n\n\n<hr class=\"wp-block-separator has-alpha-channel-opacity\"\/>\n\n\n\n<figure class=\"wp-block-image size-large\"><img loading=\"lazy\" decoding=\"async\" width=\"1024\" height=\"477\" src=\"https:\/\/tatoulu.org\/wp-content\/uploads\/photo-classe-2-1024x477.jpg\" alt=\"\" class=\"wp-image-1300\" srcset=\"https:\/\/tatoulu.org\/wp-content\/uploads\/photo-classe-2-1024x477.jpg 1024w, https:\/\/tatoulu.org\/wp-content\/uploads\/photo-classe-2-300x140.jpg 300w, https:\/\/tatoulu.org\/wp-content\/uploads\/photo-classe-2-768x358.jpg 768w, https:\/\/tatoulu.org\/wp-content\/uploads\/photo-classe-2-1200x559.jpg 1200w, https:\/\/tatoulu.org\/wp-content\/uploads\/photo-classe-2.jpg 1301w\" sizes=\"auto, (max-width: 709px) 85vw, (max-width: 909px) 67vw, (max-width: 1362px) 62vw, 840px\" \/><\/figure>\n\n\n\n<hr class=\"wp-block-separator has-alpha-channel-opacity\"\/>\n\n\n\n<p>De novembre \u00e0 avril, le m\u00e9diateur organise la lecture et les d\u00e9bats au sein du groupe <em>(Tatoulu propose des formations \u00e0 l&rsquo;animation).<\/em><\/p>\n\n\n\n<p>En mai, le m\u00e9diateur organise un vote et&nbsp;communique&nbsp;\u00e0  l\u2019association  le  nombre  de  voix  qui  se   sont  port\u00e9es  sur chaque ouvrage. Les r\u00e9sultats sont annonc\u00e9s  lors de la remise du prix en juin \u00e0 Paris. <\/p>\n\n\n\n<p>Pour cl\u00f4turer l&rsquo;ann\u00e9e, les jeunes sont invit\u00e9s \u00e0 participer aux rencontres de Sarrant <em>(dans le Gers)<\/em> et \u00e0 la remise du prix \u00e0 Paris.<\/p>\n\n\n\n<hr class=\"wp-block-separator has-alpha-channel-opacity\"\/>\n\n\n\n<figure class=\"wp-block-image size-large\"><img loading=\"lazy\" decoding=\"async\" width=\"1024\" height=\"372\" src=\"https:\/\/tatoulu.org\/wp-content\/uploads\/photo-prix-1024x372.jpg\" alt=\"\" class=\"wp-image-1305\" srcset=\"https:\/\/tatoulu.org\/wp-content\/uploads\/photo-prix-1024x372.jpg 1024w, https:\/\/tatoulu.org\/wp-content\/uploads\/photo-prix-300x109.jpg 300w, https:\/\/tatoulu.org\/wp-content\/uploads\/photo-prix-768x279.jpg 768w, https:\/\/tatoulu.org\/wp-content\/uploads\/photo-prix-1200x436.jpg 1200w, https:\/\/tatoulu.org\/wp-content\/uploads\/photo-prix.jpg 1500w\" sizes=\"auto, (max-width: 709px) 85vw, (max-width: 909px) 67vw, (max-width: 1362px) 62vw, 840px\" \/><\/figure>\n\n\n\n<h2 class=\"wp-block-heading\">L&rsquo;esprit Tatoulu<\/h2>\n\n\n\n<p>Parmi les principes qui sous-tendent la philosophie et guident l\u2019action de Tatoulu :<\/p>\n\n\n\n<p> <em>&#8211; Il n\u2019y a pas de fatalit\u00e9 \u00e0 l\u2019\u00e9chec et \u00e0 l\u2019exclusion.<\/em><\/p>\n\n\n\n<p> <em>&#8211; Tout individu poss\u00e8de les capacit\u00e9s pour apprendre et d\u00e9passer sa condition.<\/em><\/p>\n\n\n\n<p> <em>&#8211; Le savoir se construit dans les interactions. Le sujet apprend dans et par le groupe.<\/em><\/p>\n\n\n\n<p> <em>&#8211; La r\u00e9signation est l\u2019ennemi de l\u2019estime de soi.<\/em><\/p>\n\n\n\n<hr class=\"wp-block-separator has-alpha-channel-opacity\"\/>\n\n\n\n<figure class=\"wp-block-image size-large\"><img loading=\"lazy\" decoding=\"async\" width=\"1024\" height=\"513\" src=\"https:\/\/tatoulu.org\/wp-content\/uploads\/photo-groupe-1024x513.jpg\" alt=\"\" class=\"wp-image-1309\" srcset=\"https:\/\/tatoulu.org\/wp-content\/uploads\/photo-groupe-1024x513.jpg 1024w, https:\/\/tatoulu.org\/wp-content\/uploads\/photo-groupe-300x150.jpg 300w, https:\/\/tatoulu.org\/wp-content\/uploads\/photo-groupe-768x385.jpg 768w, https:\/\/tatoulu.org\/wp-content\/uploads\/photo-groupe-1200x601.jpg 1200w, https:\/\/tatoulu.org\/wp-content\/uploads\/photo-groupe.jpg 1500w\" sizes=\"auto, (max-width: 709px) 85vw, (max-width: 909px) 67vw, (max-width: 1362px) 62vw, 840px\" \/><\/figure>\n\n\n\n<hr class=\"wp-block-separator has-alpha-channel-opacity\"\/>\n\n\n\n<p> Au sein des groupes de jeunes, les lectures doivent \u00eatre confront\u00e9es par le biais de d\u00e9bats dans lesquels le m\u00e9diateur se porte garant des grands principes qui fondent les valeurs de Tatoulu :<\/p>\n\n\n\n<p> &#8211; <em>Chacun a droit \u00e0 la parole.<\/em><\/p>\n\n\n\n<p> &#8211; <em>Chacun a droit au silence.<\/em><\/p>\n\n\n\n<p> &#8211; <em>Chaque propos est consid\u00e9r\u00e9 comme pertinent, charge au m\u00e9diateur d\u2019inciter les participants \u00e0 argumenter leurs points de vue.<\/em><\/p>\n\n\n\n<p> &#8211; <em>L\u2019esprit n\u2019est pas \u00e0 la comp\u00e9tition mais \u00e0 la coop\u00e9ration. Le collectif se met au service de chacun. Les individus construisent leur rapport personnel au livre par le jeu des interactions.<\/em><\/p>\n\n\n\n<p> &#8211; <em>Le conflit est n\u00e9cessaire pour penser. Sans conflit, pas d\u2019\u00e9change, pas de stimulation intellectuelle, pas de d\u00e9passement possible. Le conflit est intellectuel. Il porte sur la diff\u00e9rence voire l\u2019antagonisme des id\u00e9es<\/em>.<\/p>\n\n\n\n<hr class=\"wp-block-separator has-alpha-channel-opacity\"\/>\n\n\n\n<figure class=\"wp-block-video\"><video height=\"1080\" style=\"aspect-ratio: 1920 \/ 1080;\" width=\"1920\" controls src=\"https:\/\/tatoulu.org\/wp-content\/uploads\/Video-Dominique.mov\"><\/video><\/figure>\n\n\n\n<hr class=\"wp-block-separator has-alpha-channel-opacity\"\/>\n\n\n\n<p class=\"has-text-align-center texte-rouge has-medium-font-size\"><strong>Lire est un acte singulier qui s&rsquo;inscrit dans des dynamiques collectives <\/strong><\/p>\n","protected":false},"excerpt":{"rendered":"<p>Enseignants, faites conna\u00eetre Tatoulu autour de vous : nous avons con\u00e7u un flyer destin\u00e9 \u00e0 \u00eatre affich\u00e9 dans votre \u00e9tablissement. Pour t\u00e9l\u00e9charger le flyer Tatoulu : https:\/\/tatoulu.org\/wp-content\/uploads\/Flyer-Tatoulu.pdf Le prix Tatoulu est un prix de litt\u00e9rature jeunesse d\u00e9cern\u00e9 tous les ans par des groupes de jeunes, enfants ou adolescents. Comment est attribu\u00e9 le prix ? Chaque &hellip; <a href=\"https:\/\/tatoulu.org\/\" class=\"more-link\">Continuer la lecture<span class=\"screen-reader-text\"> de &laquo;&nbsp;Le prix Tatoulu&nbsp;&raquo;<\/span><\/a><\/p>\n","protected":false},"author":5,"featured_media":0,"parent":0,"menu_order":0,"comment_status":"closed","ping_status":"closed","template":"","meta":{"footnotes":""},"class_list":["post-40","page","type-page","status-publish","hentry"],"_links":{"self":[{"href":"https:\/\/tatoulu.org\/index.php\/wp-json\/wp\/v2\/pages\/40","targetHints":{"allow":["GET"]}}],"collection":[{"href":"https:\/\/tatoulu.org\/index.php\/wp-json\/wp\/v2\/pages"}],"about":[{"href":"https:\/\/tatoulu.org\/index.php\/wp-json\/wp\/v2\/types\/page"}],"author":[{"embeddable":true,"href":"https:\/\/tatoulu.org\/index.php\/wp-json\/wp\/v2\/users\/5"}],"replies":[{"embeddable":true,"href":"https:\/\/tatoulu.org\/index.php\/wp-json\/wp\/v2\/comments?post=40"}],"version-history":[{"count":98,"href":"https:\/\/tatoulu.org\/index.php\/wp-json\/wp\/v2\/pages\/40\/revisions"}],"predecessor-version":[{"id":2127,"href":"https:\/\/tatoulu.org\/index.php\/wp-json\/wp\/v2\/pages\/40\/revisions\/2127"}],"wp:attachment":[{"href":"https:\/\/tatoulu.org\/index.php\/wp-json\/wp\/v2\/media?parent=40"}],"curies":[{"name":"wp","href":"https:\/\/api.w.org\/{rel}","templated":true}]}}