

{"id":621,"date":"2020-12-27T22:56:18","date_gmt":"2020-12-27T21:56:18","guid":{"rendered":"http:\/\/tatoulu.org\/?page_id=621"},"modified":"2020-12-27T22:56:18","modified_gmt":"2020-12-27T21:56:18","slug":"selections-prix-2014","status":"publish","type":"page","link":"https:\/\/tatoulu.org\/index.php\/selections-prix-2014\/","title":{"rendered":"S\u00e9lections prix 2014"},"content":{"rendered":"\n<p>Voici les livres qui ont \u00e9t\u00e9 s\u00e9lectionn\u00e9s pour le prix Tatoulu 2014 :<\/p>\n\n\n\n<p class=\"texte-rouge supp-marge-haute has-small-font-size\"><em>(les livres prim\u00e9s sont en rouge)<\/em><\/p>\n\n\n\n<!-- ROSE -->\n<div class=\"tab-categorie has-small-font-size\">\n<table>\n<tbody>\n<tr>\n<td colspan=\"2\" class=\"centrage fond-rose\">S\u00e9lection TATOU ROSE<\/td>\n<\/tr>\n<tr>\n<td class=\"centrage fond-rose\">Titre<\/td>\n<td class=\"centrage fond-rose\">Auteur<\/td>\n<\/tr>\n<tr>\n<td>Mon ami <em>(Ed. du Rouergue)<\/em><\/td>\n<td>Ga\u00ebtan Dor\u00e9mus<\/td>\n<\/tr>\n<tr>\n<td class=\"texte-rouge\">P&rsquo;tit biscuit <em>(Ed. Didier Jeunesse)<\/em><\/td>\n<td class=\"texte-rouge\">C\u00e9cile Hudrisier<\/td>\n<\/tr>\n<tr>\n<td>Les artistes <em>(Ed. L&rsquo;Edune)<\/em><\/td>\n<td>Anne-Caroline Pandolfo<\/td>\n<\/tr>\n<tr>\n<td>Une nuit o\u00f9 je me sentais seule <em>(Ed. MeMo)<\/em><\/td>\n<td>Xavier Armango<\/td>\n<\/tr>\n<tr>\n<td>Brigitte, la brebis qui n&rsquo;avait peur de rien <em>(Ed. Thierry Magnier)<\/em><\/td>\n<td>Sylvain Victor<\/td>\n<\/tr>\n<tr>\n<td>Oh non, George ! <em>(Ed. Thierry Magnier)<\/em><\/td>\n<td>Chris Haughton<\/td>\n<\/tr>\n<\/tbody>\n<\/table>\n<\/div>\n\n\n\n<!-- JAUNE -->\n<div class=\"tab-categorie has-small-font-size\">\n<table>\n<tbody>\n<tr>\n<td colspan=\"2\" class=\"centrage fond-jaune\">S\u00e9lection TATOU JAUNE<\/td>\n<\/tr>\n<tr>\n<td class=\"centrage fond-jaune\">Titre<\/td>\n<td class=\"centrage fond-jaune\">Auteur<\/td>\n<\/tr>\n<tr>\n<td>Le petit gar\u00e7on de la for\u00eat <em>(Ed. Casterman)<\/em><\/td>\n<td>Nathalie Minne<\/td>\n<\/tr>\n<tr>\n<td>Le Crafougna <em>(Ed. Didier Jeunesse)<\/em><\/td>\n<td>St\u00e9phane Servant \/ Anne Montel<\/td>\n<\/tr>\n<tr>\n<td class=\"texte-rouge\">Le bon docteur Poutingue <em>(Ed. du Rouergue)<\/em><\/td>\n<td class=\"texte-rouge\">Olivier Douzou \/ Jos\u00e9 Parrondo<\/td>\n<\/tr>\n<tr>\n<td>La t\u00eate ailleurs <em>(Ed. Le baron perch\u00e9)<\/em><\/td>\n<td>Marie Dorl\u00e9ans<\/td>\n<\/tr>\n<tr>\n<td>L&rsquo;\u00e9trange r\u00e9veillon <em>(Ed. Grasset)<\/em><\/td>\n<td>Bertrand Santini \/ Lionel Richerand<\/td>\n<\/tr>\n<tr>\n<td>Triboulet, le terrible chasseur de fauves <em>(Ed. Sarbacane)<\/em><\/td>\n<td>C. Cassiau-Haurie \/ Hippolyte<\/td>\n<\/tr>\n<\/tbody>\n<\/table>\n<\/div>\n\n\n\n<!-- VERT -->\n<div class=\"tab-categorie has-small-font-size\">\n<table>\n<tbody>\n<tr>\n<td colspan=\"2\" class=\"centrage fond-vert\">S\u00e9lection TATOU VERT<\/td>\n<\/tr>\n<tr>\n<td class=\"centrage fond-vert\">Titre<\/td>\n<td class=\"centrage fond-vert\">Auteur<\/td>\n<\/tr>\n<tr>\n<td>Petit fiston <em>(Ed. du Rouergue)<\/em><\/td>\n<td>Elzbieta<\/td>\n<\/tr>\n<tr>\n<td>Pome ou les petites choses <em>(Ed. Atelier du poisson soluble)<\/em><\/td>\n<td>Johan tro\u00efanowski<\/td>\n<\/tr>\n<tr>\n<td>Toujours debout <em>(Ed. L&rsquo;initiale)<\/em><\/td>\n<td>R\u00e9mi Courgeon \/ Isabelle Simon<\/td>\n<\/tr>\n<tr>\n<td>L&rsquo;explosion du petit pois <em>(Ed. du Rouergue)<\/em><\/td>\n<td>Alex Cousseau<\/td>\n<\/tr>\n<tr>\n<td class=\"texte-rouge\">Quand j&rsquo;\u00e9tais cagibi <em>(Ed. du Rouergue)<\/em><\/td>\n<td class=\"texte-rouge\">H\u00e9l\u00e8ne Gaudy \/ Emilie Harel<\/td>\n<\/tr>\n<tr>\n<td>L&rsquo;armoire <em>(Ed. Grasset)<\/em><\/td>\n<td>Anne Cortey \/ Claire de Gastold<\/td>\n<\/tr>\n<\/tbody>\n<\/table>\n<\/div>\n\n\n\n<!-- BLEU -->\n<div class=\"tab-categorie has-small-font-size\">\n<table>\n<tbody>\n<tr>\n<td colspan=\"2\" class=\"centrage fond-bleu\">S\u00e9lection TATOU BLEU<\/td>\n<\/tr>\n<tr>\n<td class=\"centrage fond-bleu\">Titre<\/td>\n<td class=\"centrage fond-bleu\">Auteur<\/td>\n<\/tr>\n<tr>\n<td>R\u00e9veille-Martin <em>(Ed. Thierry Magnier)<\/em><\/td>\n<td>Youri de Paz<\/td>\n<\/tr>\n<tr>\n<td class=\"texte-rouge\">Celui qui manque <em>(Ed. Alice)<\/em><\/td>\n<td class=\"texte-rouge\">Agn\u00e8s de Lestrade<\/td>\n<\/tr>\n<tr>\n<td>F\u00e9roce <em>(Ed. Casterman)<\/em><\/td>\n<td>Jean-Fran\u00e7ois Chabas \/ David Sala<\/td>\n<\/tr>\n<tr>\n<td>Le pr\u00e9au des Z&rsquo;h\u00e9ros <em>(Ed. Alice)<\/em><\/td>\n<td>Estelle Billon-Spagnol<\/td>\n<\/tr>\n<tr>\n<td>Histoires du loup qui habite dans ma chambre <em>(Ed. Ecole des Loisirs)<\/em><\/td>\n<td>Herv\u00e9 Walbecq<\/td>\n<\/tr>\n<tr>\n<td>Ma grand-m\u00e8re m&rsquo;a mordu <em>(Ed. Ecole des loisirs)<\/em><\/td>\n<td>Audren<\/td>\n<\/tr>\n<\/tbody>\n<\/table>\n<\/div>\n\n\n\n<!-- ROUGE -->\n<div class=\"tab-categorie has-small-font-size\">\n<table>\n<tbody>\n<tr>\n<td colspan=\"2\" class=\"centrage fond-rouge\">S\u00e9lection TATOU ROUGE<\/td>\n<\/tr>\n<tr>\n<td class=\"centrage fond-rouge\">Titre<\/td>\n<td class=\"centrage fond-rouge\">Auteur<\/td>\n<\/tr>\n<tr>\n<td>R\u00e9veille-Martin <em>(Ed. Thierry Magnier)<\/em><\/td>\n<td>Youri de Paz<\/td>\n<\/tr>\n<tr>\n<td>Celui qui manque <em>(Ed. Alice)<\/em><\/td>\n<td>Agn\u00e8s de Lestrade<\/td>\n<\/tr>\n<tr>\n<td>F\u00e9roce <em>(Ed. Casterman)<\/em><\/td>\n<td>Jean-Fran\u00e7ois Chabas \/ David Sala<\/td>\n<\/tr>\n<tr>\n<td>Aristote in love <em>(Ed. du Rouergue)<\/em><\/td>\n<td>Anne-Ga\u00eblle Balpe<\/td>\n<\/tr>\n<tr>\n<td class=\"texte-rouge\">Le secret d&rsquo;Esteban <em>(Ed. Sarbacane)<\/em><\/td>\n<td class=\"texte-rouge\">Axl Cendres<\/td>\n<\/tr>\n<tr>\n<td>Tchao papy <em>(Ed. Alice)<\/em><\/td>\n<td>La\u00ebtitia Brauge-Baron<\/td>\n<\/tr>\n<\/tbody>\n<\/table>\n<\/div>\n\n\n\n<!-- BLANC-->\n<div class=\"tab-categorie has-small-font-size\">\n<table>\n<tbody>\n<tr>\n<td colspan=\"2\" class=\"centrage\">S\u00e9lection TATOU BLANC<\/td>\n<\/tr>\n<tr>\n<td class=\"centrage\">Titre<\/td>\n<td class=\"centrage\">Auteur<\/td>\n<\/tr>\n<tr>\n<td>Le coeur en braille <em>(Ed. Didier Jeunesse)<\/em><\/td>\n<td>Pascal Ruter<\/td>\n<\/tr>\n<tr>\n<td class=\"texte-rouge\">La lettre d&rsquo;Argentine <em>(Ed. La grande ourse)<\/em><\/td>\n<td class=\"texte-rouge\">Ellen Willer<\/td>\n<\/tr>\n<tr>\n<td>Un air de libert\u00e9 <em>(Ed. Chant d&rsquo;orties)<\/em><\/td>\n<td>Hellena Cavendi<\/td>\n<\/tr>\n<tr>\n<td>Ars\u00e8ne <em>(Ed. Casterman)<\/em><\/td>\n<td>Juliette Arnaud<\/td>\n<\/tr>\n<tr>\n<td>Fugue hors du temps <em>(Ed. L&rsquo;Harmattan)<\/em><\/td>\n<td>Nicolas Thomazic et Mireille Ferszt<\/td>\n<\/tr>\n<tr>\n<td>La pouilleuse <em>(Ed. Sarbacane)<\/em><\/td>\n<td>Cl\u00e9mentine Beauvais<\/td>\n<\/tr>\n<\/tbody>\n<\/table><\/div>\n\n\n\n<!-- NOIR -->\n<div class=\"tab-categorie has-small-font-size\">\n<table>\n<tbody>\n<tr>\n<td colspan=\"2\" class=\"centrage fond-noir\">S\u00e9lection TATOU NOIR<\/td>\n<\/tr>\n<tr>\n<td class=\"centrage fond-noir\">Titre<\/td>\n<td class=\"centrage fond-noir\">Auteur<\/td>\n<\/tr>\n<tr>\n<td>Les trois vies d&rsquo;Antoine Anarchasis <em>(Ed. du Rouergue)<\/em><\/td>\n<td>Alex Cousseau<\/td>\n<\/tr>\n<tr>\n<td>La dr\u00f4le de vie de Bibow Bradley <em>(Ed. Sarbacane)<\/em><\/td>\n<td>Axl Cendres<\/td>\n<\/tr>\n<tr>\n<td class=\"texte-rouge\">Max <em>(Ed. Gallimard)<\/em><\/td>\n<td class=\"texte-rouge\">Sarah Cohen-Scali<\/td>\n<\/tr>\n<tr>\n<td>Ma m\u00e8re \u00e0 l&rsquo;ouest <em>(Ed. Mijade)<\/em><\/td>\n<td>Eva Kavian<\/td>\n<\/tr>\n<tr>\n<td>La d\u00e9cision <em>(Ed. Gallimard)<\/em><\/td>\n<td>Isabelle Pandazopoulos<\/td>\n<\/tr>\n<tr>\n<td>Bras de fer <em>(Ed. Sarbacane)<\/em><\/td>\n<td>J\u00e9r\u00f4me Bourgine<\/td>\n<\/tr>\n<\/tbody>\n<\/table>\n<\/div>\n","protected":false},"excerpt":{"rendered":"<p>Voici les livres qui ont \u00e9t\u00e9 s\u00e9lectionn\u00e9s pour le prix Tatoulu 2014 : (les livres prim\u00e9s sont en rouge) S\u00e9lection TATOU ROSE Titre Auteur Mon ami (Ed. du Rouergue) Ga\u00ebtan Dor\u00e9mus P&rsquo;tit biscuit (Ed. Didier Jeunesse) C\u00e9cile Hudrisier Les artistes (Ed. L&rsquo;Edune) Anne-Caroline Pandolfo Une nuit o\u00f9 je me sentais seule (Ed. MeMo) Xavier Armango &hellip; <a href=\"https:\/\/tatoulu.org\/index.php\/selections-prix-2014\/\" class=\"more-link\">Continuer la lecture<span class=\"screen-reader-text\"> de &laquo;&nbsp;S\u00e9lections prix 2014&nbsp;&raquo;<\/span><\/a><\/p>\n","protected":false},"author":5,"featured_media":0,"parent":0,"menu_order":0,"comment_status":"closed","ping_status":"closed","template":"","meta":{"footnotes":""},"class_list":["post-621","page","type-page","status-publish","hentry"],"_links":{"self":[{"href":"https:\/\/tatoulu.org\/index.php\/wp-json\/wp\/v2\/pages\/621","targetHints":{"allow":["GET"]}}],"collection":[{"href":"https:\/\/tatoulu.org\/index.php\/wp-json\/wp\/v2\/pages"}],"about":[{"href":"https:\/\/tatoulu.org\/index.php\/wp-json\/wp\/v2\/types\/page"}],"author":[{"embeddable":true,"href":"https:\/\/tatoulu.org\/index.php\/wp-json\/wp\/v2\/users\/5"}],"replies":[{"embeddable":true,"href":"https:\/\/tatoulu.org\/index.php\/wp-json\/wp\/v2\/comments?post=621"}],"version-history":[{"count":17,"href":"https:\/\/tatoulu.org\/index.php\/wp-json\/wp\/v2\/pages\/621\/revisions"}],"predecessor-version":[{"id":638,"href":"https:\/\/tatoulu.org\/index.php\/wp-json\/wp\/v2\/pages\/621\/revisions\/638"}],"wp:attachment":[{"href":"https:\/\/tatoulu.org\/index.php\/wp-json\/wp\/v2\/media?parent=621"}],"curies":[{"name":"wp","href":"https:\/\/api.w.org\/{rel}","templated":true}]}}