

{"id":640,"date":"2021-01-07T08:58:27","date_gmt":"2021-01-07T07:58:27","guid":{"rendered":"http:\/\/tatoulu.org\/?page_id=640"},"modified":"2021-01-07T08:58:27","modified_gmt":"2021-01-07T07:58:27","slug":"selections-prix-2013","status":"publish","type":"page","link":"https:\/\/tatoulu.org\/index.php\/selections-prix-2013\/","title":{"rendered":"S\u00e9lections prix 2013"},"content":{"rendered":"\n<p>Voici les livres qui ont \u00e9t\u00e9 s\u00e9lectionn\u00e9s pour le prix Tatoulu 2013 :<\/p>\n\n\n\n<p class=\"texte-rouge supp-marge-haute has-small-font-size\"><em>(les livres prim\u00e9s sont en rouge)<\/em><\/p>\n\n\n\n<!-- ROSE -->\n<div class=\"tab-categorie has-small-font-size\">\n<table>\n<tbody>\n<tr>\n<td colspan=\"2\" class=\"centrage fond-rose\">S\u00e9lection TATOU ROSE<\/td>\n<\/tr>\n<tr>\n<td class=\"centrage fond-rose\">Titre<\/td>\n<td class=\"centrage fond-rose\">Auteur<\/td>\n<\/tr>\n<tr>\n<td>Rien n&rsquo;est moins s\u00fbr <em>(Ed. L&rsquo;atelier du poisson soluble)<\/em><\/td>\n<td>Fabien Soret<\/td>\n<\/tr>\n<tr>\n<td>Aldo r\u00eavait <em>(Ed. Chant d&rsquo;orties)<\/em><\/td>\n<td>L\u00e9na Elka<\/td>\n<\/tr>\n<tr>\n<td>Les enfants font d&rsquo;\u00e9pouvantables animaux de compagnie <em>(Ed. Circonflexe)<\/em><\/td>\n<td>Peter Brown<\/td>\n<\/tr>\n<tr>\n<td>Le chat d&rsquo;Elsa <em>(Ed. P\u00e8re Castor)<\/em><\/td>\n<td>Alice Bri\u00e8re-Haquet<\/td>\n<\/tr>\n<tr>\n<td>Bric \u00e0 brac <em>(Ed. du Rouergue)<\/em><\/td>\n<td>Jean Gourounas<\/td>\n<\/tr>\n<tr>\n<td class=\"texte-rouge\">Milton quand j&rsquo;\u00e9tais petit <em>(Ed. La joie de lire)<\/em><\/td>\n<td class=\"texte-rouge\">Hayd\u00e9<\/td>\n<\/tr>\n<\/tbody>\n<\/table>\n<\/div>\n\n\n\n<!-- JAUNE -->\n<div class=\"tab-categorie has-small-font-size\">\n<table>\n<tbody>\n<tr>\n<td colspan=\"2\" class=\"centrage fond-jaune\">S\u00e9lection TATOU JAUNE<\/td>\n<\/tr>\n<tr>\n<td class=\"centrage fond-jaune\">Titre<\/td>\n<td class=\"centrage fond-jaune\">Auteur<\/td>\n<\/tr>\n<tr>\n<td>Les poings sur les \u00eeles (Ed. du Rouergue)<\/td>\n<td>Elise Fontenaille<\/td>\n<\/tr>\n<tr>\n<td class=\"texte-rouge\">Max et son art <em>(Ed. Circonflexe)<\/em><\/td>\n<td class=\"texte-rouge\">David Wiesner<\/td>\n<\/tr>\n<tr>\n<td>Moi, Yvan crocodile <em>(Ed. L&rsquo;atelier du poisson soluble)<\/em><\/td>\n<td>R. Gouichoux<\/td>\n<\/tr>\n<tr>\n<td>Le piano <em>(Ed. Didier Jeunesse)<\/em><\/td>\n<td>Marion Duval<\/td>\n<\/tr>\n<tr>\n<td>Ma m\u00e8re est une femme \u00e0 barbe <em>(Ed. Frimousse)<\/em><\/td>\n<td>Rapha\u00eble Frier<\/td>\n<\/tr>\n<tr>\n<td>As-tu vu le lion ? <em>(Ed. OQO)<\/em><\/td>\n<td>A. Quintero \/ G. Alibeux<\/td>\n<\/tr>\n<\/tbody>\n<\/table>\n<\/div>\n\n\n\n<!-- VERT -->\n<div class=\"tab-categorie has-small-font-size\">\n<table>\n<tbody>\n<tr>\n<td colspan=\"2\" class=\"centrage fond-vert\">S\u00e9lection TATOU VERT<\/td>\n<\/tr>\n<tr>\n<td class=\"centrage fond-vert\">Titre<\/td>\n<td class=\"centrage fond-vert\">Auteur<\/td>\n<\/tr>\n<tr>\n<td>Les pakomnous <em>(Ed. L&rsquo;\u00e9dune)<\/em><\/td>\n<td>Anne Jonas \/ C. Merlin<\/td>\n<\/tr>\n<tr>\n<td>Monsieur Wilson <em>(Ed. Escabelle)<\/em><\/td>\n<td>Thomas Scotto<\/td>\n<\/tr>\n<tr>\n<td>Akim court <em>(Ed. Pastel)<\/em><\/td>\n<td>Claude K Dubois<\/td>\n<\/tr>\n<tr>\n<td>Le petit bonhomme pan\u00e9 <em>(Ed. du Rouergue)<\/em><\/td>\n<td>Olivier Douzou<\/td>\n<\/tr>\n<tr>\n<td class=\"texte-rouge\">L&rsquo;\u00e9trange aventure du courageux chevalier tr\u00e8s peureux <em>(Ed. Sarbacane)<\/em><\/td>\n<td class=\"texte-rouge\">Arnaud Alm\u00e9ras<\/td>\n<\/tr>\n<tr>\n<td>Ang\u00e8le et le cerisier <em>(Ed. l&rsquo;atelier du poisson soluble)<\/em><\/td>\n<td>Rapha\u00eble Frier<\/td>\n<\/tr>\n<\/tbody>\n<\/table>\n<\/div>\n\n\n\n<!-- BLEU -->\n<div class=\"tab-categorie has-small-font-size\">\n<table>\n<tbody>\n<tr>\n<td colspan=\"2\" class=\"centrage fond-bleu\">S\u00e9lection TATOU BLEU<\/td>\n<\/tr>\n<tr>\n<td class=\"centrage fond-bleu\">Titre<\/td>\n<td class=\"centrage fond-bleu\">Auteur<\/td>\n<\/tr>\n<tr>\n<td>Noir grand <em>(Ed. du Rouergue)<\/em><\/td>\n<td>S\u00e9bastien Joanniez<\/td>\n<\/tr>\n<tr>\n<td>La maman qui s&rsquo;absentait <em>(Ed. Vents d&rsquo;ailleurs)<\/em><\/td>\n<td>St\u00e9phane Martelly<\/td>\n<\/tr>\n<tr>\n<td class=\"texte-rouge\">Le bus de Rosa <em>(Ed. Sarbacane)<\/em><\/td>\n<td class=\"texte-rouge\">F. Silir \/ AC Quarello<\/td>\n<\/tr>\n<tr>\n<td>La rose <em>(Ed. Notari)<\/em><\/td>\n<td>L. Petroucheskaia<\/td>\n<\/tr>\n<tr>\n<td>Qui a tu\u00e9 Michka ? <em>(Ed. du Rouergue)<\/em><\/td>\n<td>Ir\u00e8ne Cohen-Janca<\/td>\n<\/tr>\n<tr>\n<td>Vendeur de r\u00eaves <em>(Ed. Sarbacane)<\/em><\/td>\n<td>Christine Beigel<\/td>\n<\/tr>\n<\/tbody>\n<\/table>\n<\/div>\n\n\n\n<!-- ROUGE -->\n<div class=\"tab-categorie has-small-font-size\">\n<table>\n<tbody>\n<tr>\n<td colspan=\"2\" class=\"centrage fond-rouge\">S\u00e9lection TATOU ROUGE<\/td>\n<\/tr>\n<tr>\n<td class=\"centrage fond-rouge\">Titre<\/td>\n<td class=\"centrage fond-rouge\">Auteur<\/td>\n<\/tr>\n<tr>\n<td class=\"texte-rouge\">Premier chagrin <em>(Ed. Zone J)<\/em><\/td>\n<td class=\"texte-rouge\">Eva Kavian<\/td>\n<\/tr>\n<tr>\n<td>Le grand cheval bleu <em>(Ed. du Rouergue)<\/em><\/td>\n<td>Ir\u00e8ne Cohen-Janca<\/td>\n<\/tr>\n<tr>\n<td>Antonio ou la r\u00e9sistance <em>(Ed. Autrement)<\/em><\/td>\n<td>Valentin Goby<\/td>\n<\/tr>\n<tr>\n<td>Des oranges pour ma m\u00e8re <em>(Ed. Cheyne)<\/em><\/td>\n<td>David Dumortier<\/td>\n<\/tr>\n<tr>\n<td>Appelle-moi Charlie <em>(Ed. Sarbacane)<\/em><\/td>\n<td>Marcus Malte<\/td>\n<\/tr>\n<tr>\n<td>Ma <em>(Ed. du Rouergue)<\/em><\/td>\n<td>Louis Atangana<\/td>\n<\/tr>\n<\/tbody>\n<\/table>\n<\/div>\n\n\n\n<!-- BLANC-->\n<div class=\"tab-categorie has-small-font-size\">\n<table>\n<tbody>\n<tr>\n<td colspan=\"2\" class=\"centrage\">S\u00e9lection TATOU BLANC<\/td>\n<\/tr>\n<tr>\n<td class=\"centrage fond\">Titre<\/td>\n<td class=\"centrage fond\">Auteur<\/td>\n<\/tr>\n<tr>\n<td>Le faire ou mourir <em>(Ed. du Rouergue)<\/em><\/td>\n<td>Claire-Lise Marguier<\/td>\n<\/tr>\n<tr>\n<td class=\"texte-rouge\">Un ami en danger <em>(Ed. Jasmin)<\/em><\/td>\n<td class=\"texte-rouge\">Isabelle Giafaglione<\/td>\n<\/tr>\n<tr>\n<td>Harc\u00e8lement <em>(Ed. Oskar)<\/em><\/td>\n<td>Guy Jimenez<\/td>\n<\/tr>\n<tr>\n<td>Le gar\u00e7on talisman <em>(Ed. du Rouergue)<\/em><\/td>\n<td>Florence Aubry<\/td>\n<\/tr>\n<tr>\n<td>Moi et la mer de Wedell <em>(Ed. du Rouergue)<\/em><\/td>\n<td>Arnaud Tiercelin<\/td>\n<\/tr>\n<tr>\n<td>Les poisons de Versailles <em>(Ed. Gulf Stream)<\/em><\/td>\n<td>G. Resplandy-Tai<\/td>\n<\/tr>\n<\/tbody>\n<\/table>\n<\/div>\n\n\n\n<!-- NOIR -->\n<div class=\"tab-categorie has-small-font-size\">\n<table>\n<tbody>\n<tr>\n<td colspan=\"2\" class=\"centrage fond-noir\">S\u00e9lection TATOU NOIR<\/td>\n<\/tr>\n<tr>\n<td class=\"centrage fond-noir\">Titre<\/td>\n<td class=\"centrage fond-noir\">Auteur<\/td>\n<\/tr>\n<tr>\n<td>Anka <em>(Ed. du Rouergue)<\/em><\/td>\n<td>Guillaume Gu\u00e9raud<\/td>\n<\/tr>\n<tr>\n<td>Liber et Maud <em>(Ed. Ecole des Loisirs)<\/em><\/td>\n<td>Marfaing<\/td>\n<\/tr>\n<tr>\n<td>Jack <em>(Ed. Actes Sud)<\/em><\/td>\n<td>A-M Homes<\/td>\n<\/tr>\n<tr>\n<td>K-cendres <em>(Ed. Sarbacane)<\/em><\/td>\n<td>Antoine Dole<\/td>\n<\/tr>\n<tr>\n<td>Ces ann\u00e9es blanches <em>(Ed. Thierry Magnier)<\/em><\/td>\n<td>Julie Jacob-Coeur<\/td>\n<\/tr>\n<tr>\n<td class=\"texte-rouge\">Argentina, Argentina <em>(Ed. Oskar)<\/em><\/td>\n<td class=\"texte-rouge\">Christophe L\u00e9on<\/td>\n<\/tr>\n<\/tbody>\n<\/table>\n<\/div>\n","protected":false},"excerpt":{"rendered":"<p>Voici les livres qui ont \u00e9t\u00e9 s\u00e9lectionn\u00e9s pour le prix Tatoulu 2013 : (les livres prim\u00e9s sont en rouge) S\u00e9lection TATOU ROSE Titre Auteur Rien n&rsquo;est moins s\u00fbr (Ed. L&rsquo;atelier du poisson soluble) Fabien Soret Aldo r\u00eavait (Ed. Chant d&rsquo;orties) L\u00e9na Elka Les enfants font d&rsquo;\u00e9pouvantables animaux de compagnie (Ed. Circonflexe) Peter Brown Le chat &hellip; <a href=\"https:\/\/tatoulu.org\/index.php\/selections-prix-2013\/\" class=\"more-link\">Continuer la lecture<span class=\"screen-reader-text\"> de &laquo;&nbsp;S\u00e9lections prix 2013&nbsp;&raquo;<\/span><\/a><\/p>\n","protected":false},"author":5,"featured_media":0,"parent":0,"menu_order":0,"comment_status":"closed","ping_status":"closed","template":"","meta":{"footnotes":""},"class_list":["post-640","page","type-page","status-publish","hentry"],"_links":{"self":[{"href":"https:\/\/tatoulu.org\/index.php\/wp-json\/wp\/v2\/pages\/640","targetHints":{"allow":["GET"]}}],"collection":[{"href":"https:\/\/tatoulu.org\/index.php\/wp-json\/wp\/v2\/pages"}],"about":[{"href":"https:\/\/tatoulu.org\/index.php\/wp-json\/wp\/v2\/types\/page"}],"author":[{"embeddable":true,"href":"https:\/\/tatoulu.org\/index.php\/wp-json\/wp\/v2\/users\/5"}],"replies":[{"embeddable":true,"href":"https:\/\/tatoulu.org\/index.php\/wp-json\/wp\/v2\/comments?post=640"}],"version-history":[{"count":15,"href":"https:\/\/tatoulu.org\/index.php\/wp-json\/wp\/v2\/pages\/640\/revisions"}],"predecessor-version":[{"id":658,"href":"https:\/\/tatoulu.org\/index.php\/wp-json\/wp\/v2\/pages\/640\/revisions\/658"}],"wp:attachment":[{"href":"https:\/\/tatoulu.org\/index.php\/wp-json\/wp\/v2\/media?parent=640"}],"curies":[{"name":"wp","href":"https:\/\/api.w.org\/{rel}","templated":true}]}}