

{"id":68,"date":"2019-08-24T14:48:03","date_gmt":"2019-08-24T12:48:03","guid":{"rendered":"http:\/\/tatoulu.org\/?page_id=68"},"modified":"2023-04-25T09:22:06","modified_gmt":"2023-04-25T07:22:06","slug":"contacter-tatoulu","status":"publish","type":"page","link":"https:\/\/tatoulu.org\/index.php\/contacter-tatoulu\/","title":{"rendered":"Contacter Tatoulu"},"content":{"rendered":"\n<p class=\"supp-marge-basse has-medium-font-size\"><strong>Association TATOULU<\/strong><\/p>\n\n\n\n<p class=\"supp-marge-haute\">Maison des Associations<br>15, passage Ramey \u2013 BP 77<br>75018 Paris<\/p>\n\n\n\n<p class=\"has-medium-font-size\">Adresse mail : <a href=\"mailto:tatoulu@tatoulu.org\">tatoulu@tatoulu.org<\/a><\/p>\n\n\n\n<p>Pr\u00e9sident : Dominique Piveteaud<\/p>\n\n\n\n<p>Tr\u00e9sori\u00e8re : Martine Benech<\/p>\n\n\n\n<p>Webmaster : Jean-Marc Razimbaud <em>(contact : <a href=\"mailto:webmaster@tatoulu.org\">webmaster@tatoulu.org<\/a>)<\/em><\/p>\n","protected":false},"excerpt":{"rendered":"<p>Association TATOULU Maison des Associations15, passage Ramey \u2013 BP 7775018 Paris Adresse mail : tatoulu@tatoulu.org Pr\u00e9sident : Dominique Piveteaud Tr\u00e9sori\u00e8re : Martine Benech Webmaster : Jean-Marc Razimbaud (contact : webmaster@tatoulu.org)<\/p>\n","protected":false},"author":5,"featured_media":0,"parent":0,"menu_order":0,"comment_status":"closed","ping_status":"closed","template":"","meta":{"footnotes":""},"class_list":["post-68","page","type-page","status-publish","hentry"],"_links":{"self":[{"href":"https:\/\/tatoulu.org\/index.php\/wp-json\/wp\/v2\/pages\/68","targetHints":{"allow":["GET"]}}],"collection":[{"href":"https:\/\/tatoulu.org\/index.php\/wp-json\/wp\/v2\/pages"}],"about":[{"href":"https:\/\/tatoulu.org\/index.php\/wp-json\/wp\/v2\/types\/page"}],"author":[{"embeddable":true,"href":"https:\/\/tatoulu.org\/index.php\/wp-json\/wp\/v2\/users\/5"}],"replies":[{"embeddable":true,"href":"https:\/\/tatoulu.org\/index.php\/wp-json\/wp\/v2\/comments?post=68"}],"version-history":[{"count":4,"href":"https:\/\/tatoulu.org\/index.php\/wp-json\/wp\/v2\/pages\/68\/revisions"}],"predecessor-version":[{"id":1419,"href":"https:\/\/tatoulu.org\/index.php\/wp-json\/wp\/v2\/pages\/68\/revisions\/1419"}],"wp:attachment":[{"href":"https:\/\/tatoulu.org\/index.php\/wp-json\/wp\/v2\/media?parent=68"}],"curies":[{"name":"wp","href":"https:\/\/api.w.org\/{rel}","templated":true}]}}