

{"id":685,"date":"2021-01-10T09:06:11","date_gmt":"2021-01-10T08:06:11","guid":{"rendered":"http:\/\/tatoulu.org\/?page_id=685"},"modified":"2021-01-10T09:06:11","modified_gmt":"2021-01-10T08:06:11","slug":"selections-prix-2010","status":"publish","type":"page","link":"https:\/\/tatoulu.org\/index.php\/selections-prix-2010\/","title":{"rendered":"S\u00e9lections prix 2010"},"content":{"rendered":"\n<p>Voici les livres qui ont \u00e9t\u00e9 s\u00e9lectionn\u00e9s pour le prix Tatoulu 2010 :<\/p>\n\n\n\n<p class=\"texte-rouge supp-marge-haute has-small-font-size\"><em>(les livres prim\u00e9s sont en rouge)<\/em><\/p>\n\n\n\n<!-- ROSE -->\n<div class=\"tab-categorie has-small-font-size\">\n<table>\n<tbody>\n<tr>\n<td colspan=\"2\" class=\"centrage fond-rose\">S\u00e9lection TATOU ROSE<\/td>\n<\/tr>\n<tr>\n<td class=\"centrage fond-rose\">Titre<\/td>\n<td class=\"centrage fond-rose\">Auteur<\/td>\n<\/tr>\n<tr>\n<td>La tarte aux pommes de papa <em>(Ed. du Seuil)<\/em><\/td>\n<td>Lauren Thompson \/ Jonathan Beau<\/td>\n<\/tr>\n<tr>\n<td>Petite Beaut\u00e9 <em>(Ed. Kal\u00e9\u00efdoscope)<\/em><\/td>\n<td>Anthony Browne<\/td>\n<\/tr>\n<tr>\n<td>Une histoire sans d\u00e9but ni fin <em>(Ed. Nord Sud)<\/em><\/td>\n<td>Andre\u00ef Ousatschev \/ Alexandra Junge<\/td>\n<\/tr>\n<tr>\n<td>Je suis un lapin <em>(Ed. Thierry Magnier)<\/em><\/td>\n<td>Fr\u00e9d\u00e9ric Kessler<\/td>\n<\/tr>\n<tr>\n<td>Grand p\u00e8re crapaud <em>(Ed. Ecole des loisirs)<\/em><\/td>\n<td>V\u00e9ronique Cauchy \/ Audrey Poussier<\/td>\n<\/tr>\n<tr>\n<td class=\"texte-rouge\">La col\u00e8re d&rsquo;Albert <em>(Ed. Ricochet)<\/em><\/td>\n<td class=\"texte-rouge\">Fran\u00e7oise Laurent \/ Pascal Vilcollet<\/td>\n<\/tr>\n<\/tbody>\n<\/table>\n<\/div>\n\n\n\n<!-- JAUNE -->\n<div class=\"tab-categorie has-small-font-size\">\n<table>\n<tbody>\n<tr>\n<td colspan=\"2\" class=\"centrage fond-jaune\">S\u00e9lection TATOU JAUNE<\/td>\n<\/tr>\n<tr>\n<td class=\"centrage fond-jaune\">Titre<\/td>\n<td class=\"centrage fond-jaune\">Auteur<\/td>\n<\/tr>\n<tr>\n<td>Trois jours en plus <em>(Ed. Mango Jeunesse)<\/em><\/td>\n<td>R\u00e9mi Courgeon<\/td>\n<\/tr>\n<tr>\n<td>Si j&rsquo;te mords t&rsquo;es mort <em>(Ed. Didier Jeunesse)<\/em><\/td>\n<td>Pierre Dely\u00e9 \/ C\u00e9cile Hudrisier<\/td>\n<\/tr>\n<tr>\n<td class=\"texte-rouge\">Hector, l&rsquo;homme extraordinairement fort <em>(Ed. Didier Jeunesse)<\/em><\/td>\n<td class=\"texte-rouge\">Magali Le Huche<\/td>\n<\/tr>\n<tr>\n<td>L&rsquo;allumeur de r\u00eaves <em>(Ed. Petit \u00e0 petit)<\/em><\/td>\n<td>Doroth\u00e9e Piatek \/ Gwendal Blondelle<\/td>\n<\/tr>\n<tr>\n<td>Le fil de la vie <em>(Ed. Anne Chanel)<\/em><\/td>\n<td>Nathalie Collon \/ J\u00e9r\u00f4me L\u00e9on<\/td>\n<\/tr>\n<tr>\n<td>Comment maman a chang\u00e9 la vie de papa (et vice versa) <em>(Ed. Nord-Sud)<\/em><\/td>\n<td>Katharina Grossmann-Hansel<\/td>\n<\/tr>\n<\/tbody>\n<\/table>\n<\/div>\n\n\n\n<!-- VERT -->\n<div class=\"tab-categorie has-small-font-size\">\n<table>\n<tbody>\n<tr>\n<td colspan=\"2\" class=\"centrage fond-vert\">S\u00e9lection TATOU VERT<\/td>\n<\/tr>\n<tr>\n<td class=\"centrage fond-vert\">Titre<\/td>\n<td class=\"centrage fond-vert\">Auteur<\/td>\n<\/tr>\n<tr>\n<td class=\"texte-rouge\">Le correspondant de Grignotin et Mentalo <em>(Ed. Ecole des loisirs)<\/em><\/td>\n<td class=\"texte-rouge\">Delphine Bournay<\/td>\n<\/tr>\n<tr>\n<td>Le moustachu <em>(Ed. Thierry Magnier)<\/em><\/td>\n<td>Delphine Perret<\/td>\n<\/tr>\n<tr>\n<td>Tes petits camarades <em>(Ed. Thierry Magnier)<\/em><\/td>\n<td>Val\u00e9rie Dayre<\/td>\n<\/tr>\n<tr>\n<td>Le jardin de Tonio <em>(Ed. Petit \u00e0 petit)<\/em><\/td>\n<td>Doroth\u00e9e Piatek \/ Elodie Coudray<\/td>\n<\/tr>\n<tr>\n<td>Le vieux qui avait un grain dans la t\u00eate <em>(Ed. Petit \u00e0 petit)<\/em><\/td>\n<td>Doroth\u00e9e Piatek \/ Julien Tixier<\/td>\n<\/tr>\n<tr>\n<td>Anna la vilaine <em>(Ed. du Rouergue)<\/em><\/td>\n<td>Fabian Negrin<\/td>\n<\/tr>\n<\/tbody>\n<\/table>\n<\/div>\n\n\n\n<!-- BLEU -->\n<div class=\"tab-categorie has-small-font-size\">\n<table>\n<tbody>\n<tr>\n<td colspan=\"2\" class=\"centrage fond-bleu\">S\u00e9lection TATOU BLEU<\/td>\n<\/tr>\n<tr>\n<td class=\"centrage fond-bleu\">Titre<\/td>\n<td class=\"centrage fond-bleu\">Auteur<\/td>\n<\/tr>\n<tr>\n<td>De p\u00e8re en fille <em>(Ed. P\u00e8re Castor)<\/em><\/td>\n<td>Mitali Perkins<\/td>\n<\/tr>\n<tr>\n<td>L&rsquo;\u00e9crivain myst\u00e8re <em>(Ed. Rageot)<\/em><\/td>\n<td>St\u00e9phane Daniel<\/td>\n<\/tr>\n<tr>\n<td>L&rsquo;amour en cage <em>(Ed. Seuil Jeunesse)<\/em><\/td>\n<td>Maryvonne Ripert<\/td>\n<\/tr>\n<tr>\n<td class=\"texte-rouge\">Monsieur Rose <em>(Ed. Seuil Jeunesse)<\/em><\/td>\n<td class=\"texte-rouge\">Silke Lambeck<\/td>\n<\/tr>\n<tr>\n<td>Tolsto\u00ef, un conte de f\u00e9e <em>(Ed. Actes Sud)<\/em><\/td>\n<td>Hanno<\/td>\n<\/tr>\n<tr>\n<td>Ni vu ni connu <em>(Ed. Ecole des loisirs)<\/em><\/td>\n<td>Olivier Adam<\/td>\n<\/tr>\n<\/tbody>\n<\/table>\n<\/div>\n\n\n\n<!-- ROUGE -->\n<div class=\"tab-categorie has-small-font-size\">\n<table>\n<tbody>\n<tr>\n<td colspan=\"2\" class=\"centrage fond-rouge\">S\u00e9lection TATOU ROUGE<\/td>\n<\/tr>\n<tr>\n<td class=\"centrage fond-rouge\">Titre<\/td>\n<td class=\"centrage fond-rouge\">Auteur<\/td>\n<\/tr>\n<tr>\n<td>Pablo de la Courneuve <em>(Ed. du Seuil)<\/em><\/td>\n<td>C\u00e9cile Roumigui\u00e8re<\/td>\n<\/tr>\n<tr>\n<td>Le ch\u00e2teau des Poulfenc <em>(Ed. P\u00e8re Castor)<\/em><\/td>\n<td>Brigitte Coppin<\/td>\n<\/tr>\n<tr>\n<td>Le samovar et autres histoires <em>(Ed. Grasset)<\/em><\/td>\n<td>Anne Th\u00e9venin<\/td>\n<\/tr>\n<tr>\n<td>La travers\u00e9e <em>(Ed. du Seuil)<\/em><\/td>\n<td>Marjolijn Hof<\/td>\n<\/tr>\n<tr>\n<td class=\"texte-rouge\">Zarbi <em>(Ed. du Rouergue)<\/em><\/td>\n<td class=\"texte-rouge\">H\u00e9l\u00e8ne Vignal<\/td>\n<\/tr>\n<tr>\n<td>Orph\u00e9e et la morsure du serpent <em>(Ed. Ecole des Loisirs)<\/em><\/td>\n<td>Yvan Pommaux<\/td>\n<\/tr>\n<\/tbody>\n<\/table>\n<\/div>\n\n\n\n<!-- BLANC-->\n<div class=\"tab-categorie has-small-font-size\">\n<table>\n<tbody>\n<tr>\n<td colspan=\"2\" class=\"centrage\">S\u00e9lection TATOU BLANC<\/td>\n<\/tr>\n<tr>\n<td class=\"centrage\">Titre<\/td>\n<td class=\"centrage\">Auteur<\/td>\n<\/tr>\n<tr>\n<td>L&rsquo;alibi <em>(Rd. Thierry Magnier)<\/em><\/td>\n<td>Mika\u00ebl Ollivier<\/td>\n<\/tr>\n<tr>\n<td>Les \u00eeles dans le ciel <em>(Ed. Mango Jeunesse)<\/em><\/td>\n<td>Sylvie Denis<\/td>\n<\/tr>\n<tr>\n<td class=\"texte-rouge\">La sorci\u00e8re de Porquerac <em>(Ed. du Seuil)<\/em><\/td>\n<td class=\"texte-rouge\">Roland Godel<\/td>\n<\/tr>\n<tr>\n<td>Le chant de l&rsquo;innocent <em>(Ed. du Rouergue)<\/em><\/td>\n<td>Ir\u00e8ne Cohen Janca<\/td>\n<\/tr>\n<tr>\n<td>Au rebond <em>(Ed. Actes Sud)<\/em><\/td>\n<td>Jean-Philippe Blondel<\/td>\n<\/tr>\n<tr>\n<td>Barjo <em>(Ed. du Rouergue)<\/em><\/td>\n<td>Micha\u00ebl Coleman<\/td>\n<\/tr>\n<\/tbody>\n<\/table>\n<\/div>\n\n\n\n<!-- NOIR -->\n<div class=\"tab-categorie has-small-font-size\">\n<table>\n<tbody>\n<tr>\n<td colspan=\"2\" class=\"centrage fond-noir\">S\u00e9lection TATOU NOIR<\/td>\n<\/tr>\n<tr>\n<td class=\"centrage fond-noir\">Titre<\/td>\n<td class=\"centrage fond-noir\">Auteur<\/td>\n<\/tr>\n<tr>\n<td>Amoureux grave <em>(Ed. Thierry Magnier)<\/em><\/td>\n<td>Elisabeth Brami \/ Philippe Lopparelli<\/td>\n<\/tr>\n<tr>\n<td>Quentin sur le quai <em>(Ed. Actes Sud)<\/em><\/td>\n<td>Fran\u00e7oise Grard<\/td>\n<\/tr>\n<tr>\n<td class=\"texte-rouge\">Kivousav\u00e9 <em>(Ed. du Rouergue)<\/em><\/td>\n<td class=\"texte-rouge\">B\u00e9atrice Hammer<\/td>\n<\/tr>\n<tr>\n<td>Ce qu&rsquo;ils savent <em>(Ed. Thierry Magnier)<\/em><\/td>\n<td>Charlie Price<\/td>\n<\/tr>\n<tr>\n<td>Ami, entends-tu <em>(Ed. Gulf Stream)<\/em><\/td>\n<td>B\u00e9atrice Nicod\u00e8me<\/td>\n<\/tr>\n<tr>\n<td>Et tu te soumettras \u00e0 la loi de ton p\u00e8re <em>(Ed. Thierry Magnier)<\/em><\/td>\n<td>Marie-Sabine Roger<\/td>\n<\/tr>\n<\/tbody>\n<\/table>\n<\/div>\n","protected":false},"excerpt":{"rendered":"<p>Voici les livres qui ont \u00e9t\u00e9 s\u00e9lectionn\u00e9s pour le prix Tatoulu 2010 : (les livres prim\u00e9s sont en rouge) S\u00e9lection TATOU ROSE Titre Auteur La tarte aux pommes de papa (Ed. du Seuil) Lauren Thompson \/ Jonathan Beau Petite Beaut\u00e9 (Ed. Kal\u00e9\u00efdoscope) Anthony Browne Une histoire sans d\u00e9but ni fin (Ed. Nord Sud) Andre\u00ef Ousatschev &hellip; <a href=\"https:\/\/tatoulu.org\/index.php\/selections-prix-2010\/\" class=\"more-link\">Continuer la lecture<span class=\"screen-reader-text\"> de &laquo;&nbsp;S\u00e9lections prix 2010&nbsp;&raquo;<\/span><\/a><\/p>\n","protected":false},"author":5,"featured_media":0,"parent":0,"menu_order":0,"comment_status":"closed","ping_status":"closed","template":"","meta":{"footnotes":""},"class_list":["post-685","page","type-page","status-publish","hentry"],"_links":{"self":[{"href":"https:\/\/tatoulu.org\/index.php\/wp-json\/wp\/v2\/pages\/685","targetHints":{"allow":["GET"]}}],"collection":[{"href":"https:\/\/tatoulu.org\/index.php\/wp-json\/wp\/v2\/pages"}],"about":[{"href":"https:\/\/tatoulu.org\/index.php\/wp-json\/wp\/v2\/types\/page"}],"author":[{"embeddable":true,"href":"https:\/\/tatoulu.org\/index.php\/wp-json\/wp\/v2\/users\/5"}],"replies":[{"embeddable":true,"href":"https:\/\/tatoulu.org\/index.php\/wp-json\/wp\/v2\/comments?post=685"}],"version-history":[{"count":20,"href":"https:\/\/tatoulu.org\/index.php\/wp-json\/wp\/v2\/pages\/685\/revisions"}],"predecessor-version":[{"id":722,"href":"https:\/\/tatoulu.org\/index.php\/wp-json\/wp\/v2\/pages\/685\/revisions\/722"}],"wp:attachment":[{"href":"https:\/\/tatoulu.org\/index.php\/wp-json\/wp\/v2\/media?parent=685"}],"curies":[{"name":"wp","href":"https:\/\/api.w.org\/{rel}","templated":true}]}}