

{"id":89,"date":"2019-08-24T16:25:14","date_gmt":"2019-08-24T14:25:14","guid":{"rendered":"http:\/\/tatoulu.org\/?page_id=89"},"modified":"2022-01-25T09:41:02","modified_gmt":"2022-01-25T08:41:02","slug":"participer-au-prix","status":"publish","type":"page","link":"https:\/\/tatoulu.org\/index.php\/participer-au-prix\/","title":{"rendered":"Participer au prix"},"content":{"rendered":"\n<p>Pour participer \u00e0 un prix Tatoulu, il suffit d&rsquo;adh\u00e9rer \u00e0 l&rsquo;association Tatoulu pour l&rsquo;ann\u00e9e scolaire correspondante.<a href=\"https:\/\/tatoulu.org\/index.php\/modalites-dadhesion-a-tatoulu\/\" data-type=\"URL\" data-id=\"https:\/\/tatoulu.org\/index.php\/modalites-dadhesion-a-tatoulu\/\"> Consulter les modalit\u00e9s d&rsquo;adh\u00e9sion.<\/a><\/p>\n\n\n\n<p>Vous participerez ainsi tout au long de l&rsquo;ann\u00e9e \u00e0 une aventure collective cl\u00f4tur\u00e9e par les rencontres&nbsp;de Sarrant et la remise du Prix en juin \u00e0 Paris.<\/p>\n\n\n\n<p class=\"supp-marge-basse has-small-font-size\">L&rsquo;adh\u00e9sion \u00e0 Tatoulu comprend&nbsp;:<\/p>\n\n\n\n<div class=\"marge-gauche-20 has-small-font-size\"><ul><li>l\u2019adh\u00e9sion \u00e0 l\u2019association,<\/li><li>une s\u00e9lection de 6 livres,<\/li><li>la participation \u00e0 un cycle de formation (4 s\u00e9ances d&rsquo;une journ\u00e9e),<\/li><li>un accompagnement pour vos questionnements concernant le Prix Tatoulu,<\/li><li>la participation aux rencontres de Sarrant (Gers) pour les participants de la R\u00e9gion Occitanie,<\/li><li>la participation \u00e0 la remise du prix \u00e0 Paris,<\/li><li>la participation \u00e9ventuelle au Comit\u00e9 de Lecture.<\/li><\/ul><\/div>\n\n\n\n<div class=\"wp-block-image\"><figure class=\"aligncenter is-resized\"><img loading=\"lazy\" decoding=\"async\" src=\"https:\/\/tatoulu.org\/wp-content\/uploads\/photo-Jury-Tatoulu.jpg\" alt=\"\" class=\"wp-image-33\" width=\"543\" height=\"325\"\/><\/figure><\/div>\n\n\n\n<h2 class=\"wp-block-heading\">La formation des m\u00e9diateurs<\/h2>\n\n\n\n<p>Chaque ann\u00e9e, un accompagnement \u00e0 la m\u00e9diation est organis\u00e9 afin d\u2019aider les adh\u00e9rents \u00e0 animer des d\u00e9bats.<\/p>\n\n\n\n<p>Cet accompagnement se d\u00e9cline sous la forme d&rsquo;un cycle de formation de quatre journ\u00e9es s\u00e9par\u00e9es, durant lesquelles les participants sont mis en situation de vivre des d\u00e9bats autour d\u2019objets culturels (livres, films, \u0153uvres d\u2019art\u2026), d\u2019\u00e9changer exp\u00e9riences et comp\u00e9tences dans le domaine de la m\u00e9diation, de construire collectivement des outils d\u2019animation.<\/p>\n\n\n\n<div class=\"wp-block-image\"><figure class=\"aligncenter is-resized\"><img loading=\"lazy\" decoding=\"async\" src=\"https:\/\/tatoulu.org\/wp-content\/uploads\/photo-comite-lecture.jpg\" alt=\"\" class=\"wp-image-32\" width=\"557\" height=\"418\"\/><\/figure><\/div>\n\n\n\n<h2 class=\"wp-block-heading\">Participer au Comit\u00e9 de Lecture<\/h2>\n\n\n\n<p>L&rsquo;association Tatoulu constitue en son sein un Comit\u00e9 de Lecture r\u00e9unissant une trentaine de personnes en Ile-de-France et en r\u00e9gion Occitanie.  Il n\u2019y a qu\u2019un seul Comit\u00e9 de Lecture, organis\u00e9 en deux groupes <em>(une r\u00e9union commune est pr\u00e9vue chaque ann\u00e9e pour coordonner leurs travaux).<\/em> <\/p>\n\n\n\n<p>Chaque groupe du Comit\u00e9 de Lecture se r\u00e9unit 6 \u00e0 8 fois dans l&rsquo;ann\u00e9e <em>(dont une fois au niveau national).<\/em>  Le calendrier de ces rencontres est fix\u00e9 d\u00e8s la rentr\u00e9e de septembre.  <\/p>\n\n\n\n<p>Le Comit\u00e9 de Lecture constitue les 8 s\u00e9lections compos\u00e9es chacune de 6 livres qui seront utilis\u00e9es l&rsquo;ann\u00e9e suivante par les participants au Prix Tatoulu.<\/p>\n\n\n\n<p>Les ouvrages qui sont mis en d\u00e9bat sont des livres publi\u00e9s entre avril de l&rsquo;ann\u00e9e pr\u00e9c\u00e9dente et mars de l&rsquo;ann\u00e9e en cours. Il s&rsquo;agit de litt\u00e9rature contemporaine <em>(pas de r\u00e9\u00e9dition ni de contes traditionnels)<\/em>, uniquement des r\u00e9cits fictionnels <em>(pas de documentaire)<\/em> sous forme d\u2019albums et de romans.<\/p>\n\n\n\n<p>Le Comit\u00e9 de Lecture choisit les livres qui sont les plus \u00ab\u00a0r\u00e9sistants\u00a0\u00bb, des coups de c\u0153ur qu&rsquo;on peut \u00ab\u00a0d\u00e9plier\u00a0\u00bb, qui permettent de comprendre le monde diff\u00e9remment.<\/p>\n\n\n\n<p>Il se doit d&rsquo;assurer la diversit\u00e9 des \u00e9diteurs, d&rsquo;\u00e9viter les livres qui font plus consensus que d\u00e9bat, de ne pas choisir de livres trop complexes pour certains niveaux, de proposer un \u00e9quilibre entre les livres au sein d\u2019une m\u00eame s\u00e9lection.<\/p>\n\n\n\n<div class=\"wp-block-image\"><figure class=\"aligncenter is-resized\"><img loading=\"lazy\" decoding=\"async\" src=\"https:\/\/tatoulu.org\/wp-content\/uploads\/photo-auteur.jpg\" alt=\"\" class=\"wp-image-29\" width=\"433\" height=\"325\"\/><\/figure><\/div>\n\n\n\n<h2 class=\"wp-block-heading\">Rencontrer des auteurs<\/h2>\n\n\n\n<p>Tatoulu contacte les auteurs&nbsp;s\u00e9lectionn\u00e9s et leur propose de rencontrer leurs lecteurs.<\/p>\n\n\n\n<p class=\"supp-marge-basse\">Ces rencontres peuvent avoir lieu sous diff\u00e9rentes formes et \u00e0 diff\u00e9rentes occasions&nbsp;:<\/p>\n\n\n\n<div class=\"marge-gauche-20 supp-marge-haute\"><ul><li>rencontres sp\u00e9cialement organis\u00e9es par des groupes de lecteurs <em>(pour en faire la demande, t\u00e9l\u00e9charger le formulaire, l&rsquo;imprimer, le remplir et le retourner \u00e0 l&rsquo;association avec le r\u00e8glement)<\/em><\/li><li>journ\u00e9es litt\u00e9raires ou s\u00e9jours litt\u00e9raires organis\u00e9s par Tatoulu,<\/li><li>rencontres de Sarrant,<\/li><li>remise du Prix \u00e0 Paris.<\/li><\/ul><\/div>\n\n\n\n<p>Les tarifs appliqu\u00e9s sont ceux de la Charte des auteurs des illustrateurs jeunesse : <a href=\"http:\/\/la-charte.fr\" target=\"_blank\" rel=\"noreferrer noopener\">consulter les tarifs.<\/a><\/p>\n","protected":false},"excerpt":{"rendered":"<p>Pour participer \u00e0 un prix Tatoulu, il suffit d&rsquo;adh\u00e9rer \u00e0 l&rsquo;association Tatoulu pour l&rsquo;ann\u00e9e scolaire correspondante. Consulter les modalit\u00e9s d&rsquo;adh\u00e9sion. Vous participerez ainsi tout au long de l&rsquo;ann\u00e9e \u00e0 une aventure collective cl\u00f4tur\u00e9e par les rencontres&nbsp;de Sarrant et la remise du Prix en juin \u00e0 Paris. L&rsquo;adh\u00e9sion \u00e0 Tatoulu comprend&nbsp;: l\u2019adh\u00e9sion \u00e0 l\u2019association, une s\u00e9lection &hellip; <a href=\"https:\/\/tatoulu.org\/index.php\/participer-au-prix\/\" class=\"more-link\">Continuer la lecture<span class=\"screen-reader-text\"> de &laquo;&nbsp;Participer au prix&nbsp;&raquo;<\/span><\/a><\/p>\n","protected":false},"author":5,"featured_media":148,"parent":0,"menu_order":0,"comment_status":"closed","ping_status":"closed","template":"","meta":{"footnotes":""},"class_list":["post-89","page","type-page","status-publish","has-post-thumbnail","hentry"],"_links":{"self":[{"href":"https:\/\/tatoulu.org\/index.php\/wp-json\/wp\/v2\/pages\/89","targetHints":{"allow":["GET"]}}],"collection":[{"href":"https:\/\/tatoulu.org\/index.php\/wp-json\/wp\/v2\/pages"}],"about":[{"href":"https:\/\/tatoulu.org\/index.php\/wp-json\/wp\/v2\/types\/page"}],"author":[{"embeddable":true,"href":"https:\/\/tatoulu.org\/index.php\/wp-json\/wp\/v2\/users\/5"}],"replies":[{"embeddable":true,"href":"https:\/\/tatoulu.org\/index.php\/wp-json\/wp\/v2\/comments?post=89"}],"version-history":[{"count":18,"href":"https:\/\/tatoulu.org\/index.php\/wp-json\/wp\/v2\/pages\/89\/revisions"}],"predecessor-version":[{"id":1037,"href":"https:\/\/tatoulu.org\/index.php\/wp-json\/wp\/v2\/pages\/89\/revisions\/1037"}],"wp:featuredmedia":[{"embeddable":true,"href":"https:\/\/tatoulu.org\/index.php\/wp-json\/wp\/v2\/media\/148"}],"wp:attachment":[{"href":"https:\/\/tatoulu.org\/index.php\/wp-json\/wp\/v2\/media?parent=89"}],"curies":[{"name":"wp","href":"https:\/\/api.w.org\/{rel}","templated":true}]}}