

{"id":93,"date":"2019-08-24T16:39:47","date_gmt":"2019-08-24T14:39:47","guid":{"rendered":"http:\/\/tatoulu.org\/?page_id=93"},"modified":"2020-09-06T20:20:35","modified_gmt":"2020-09-06T18:20:35","slug":"les-categories","status":"publish","type":"page","link":"https:\/\/tatoulu.org\/index.php\/les-categories\/","title":{"rendered":"Les cat\u00e9gories"},"content":{"rendered":"\n<div class=\"wp-block-image\"><figure class=\"aligncenter is-resized\"><img loading=\"lazy\" decoding=\"async\" src=\"https:\/\/tatoulu.org\/wp-content\/uploads\/photo-ballon.jpg\" alt=\"\" class=\"wp-image-30\" width=\"395\" height=\"296\"\/><\/figure><\/div>\n\n\n\n<p class=\"has-medium-font-size\"><em>Chaque ann\u00e9e, 6 livres sont s\u00e9lectionn\u00e9s dans chacune des cat\u00e9gories suivantes, correspondant chacune \u00e0 une tranche d&rsquo;\u00e2ge :<\/em><\/p>\n\n\n\n<p class=\"texte-rose has-medium-font-size\"><strong>Tatou ROSE<\/strong> &#8211; Petite Section \/ Moyenne Section &#8211; 2 \u00e0 4 ans<\/p>\n\n\n\n<p class=\"texte-jaune has-medium-font-size\"><strong>Tatou JAUNE<\/strong> &#8211; Grande Section \/ Cours Pr\u00e9paratoire &#8211; 5 \u00e0 6 ans<\/p>\n\n\n\n<p class=\"texte-vert has-medium-font-size\"><strong>Tatou VERT<\/strong> &#8211; Cours \u00c9l\u00e9mentaires &#8211; 7 \u00e0 8 ans<\/p>\n\n\n\n<p class=\"texte-bleu has-medium-font-size\"><strong>Tatou BLEU<\/strong> &#8211; Cours Moyens &#8211; 9 \u00e0 10 ans<\/p>\n\n\n\n<p class=\"supp-marge-basse texte-violet has-medium-font-size\"><strong>Tatou VIOLET<\/strong> &#8211; 6\u00e8me &#8211; 11 ans<\/p>\n\n\n\n<p class=\"supp-marge-haute\"><em>Cette cat\u00e9gorie a \u00e9t\u00e9 rajout\u00e9e en 2016 : 3 livres choisis dans Tatou BLEU et 3 livres choisis dans Tatou ROUGE<\/em><\/p>\n\n\n\n<p class=\"texte-rouge has-medium-font-size\"><strong>Tatou ROUGE<\/strong> &#8211; 5\u00e8me &#8211; 12 ans<\/p>\n\n\n\n<p class=\"texte-blanc has-medium-font-size\"><strong>Tatou BLANC<\/strong> &#8211; 4\u00e8me \/ 3\u00e8me &#8211; 13 \u00e0 15 ans<\/p>\n\n\n\n<p class=\"has-medium-font-size\"><strong>Tatou NOIR<\/strong> &#8211; lyc\u00e9e et jeunes adultes -16 ans et plus<\/p>\n\n\n\n<p>Les tranches d&rsquo;\u00e2ge sont indicatives, il appartient \u00e0 chaque m\u00e9diateur de choisir la  cat\u00e9gorie qui lui semble correspondre le mieux aux enfants ou aux adolescents dont il a la charge.<\/p>\n","protected":false},"excerpt":{"rendered":"<p>Chaque ann\u00e9e, 6 livres sont s\u00e9lectionn\u00e9s dans chacune des cat\u00e9gories suivantes, correspondant chacune \u00e0 une tranche d&rsquo;\u00e2ge : Tatou ROSE &#8211; Petite Section \/ Moyenne Section &#8211; 2 \u00e0 4 ans Tatou JAUNE &#8211; Grande Section \/ Cours Pr\u00e9paratoire &#8211; 5 \u00e0 6 ans Tatou VERT &#8211; Cours \u00c9l\u00e9mentaires &#8211; 7 \u00e0 8 ans Tatou &hellip; <a href=\"https:\/\/tatoulu.org\/index.php\/les-categories\/\" class=\"more-link\">Continuer la lecture<span class=\"screen-reader-text\"> de &laquo;&nbsp;Les cat\u00e9gories&nbsp;&raquo;<\/span><\/a><\/p>\n","protected":false},"author":5,"featured_media":0,"parent":0,"menu_order":0,"comment_status":"closed","ping_status":"closed","template":"","meta":{"footnotes":""},"class_list":["post-93","page","type-page","status-publish","hentry"],"_links":{"self":[{"href":"https:\/\/tatoulu.org\/index.php\/wp-json\/wp\/v2\/pages\/93","targetHints":{"allow":["GET"]}}],"collection":[{"href":"https:\/\/tatoulu.org\/index.php\/wp-json\/wp\/v2\/pages"}],"about":[{"href":"https:\/\/tatoulu.org\/index.php\/wp-json\/wp\/v2\/types\/page"}],"author":[{"embeddable":true,"href":"https:\/\/tatoulu.org\/index.php\/wp-json\/wp\/v2\/users\/5"}],"replies":[{"embeddable":true,"href":"https:\/\/tatoulu.org\/index.php\/wp-json\/wp\/v2\/comments?post=93"}],"version-history":[{"count":5,"href":"https:\/\/tatoulu.org\/index.php\/wp-json\/wp\/v2\/pages\/93\/revisions"}],"predecessor-version":[{"id":483,"href":"https:\/\/tatoulu.org\/index.php\/wp-json\/wp\/v2\/pages\/93\/revisions\/483"}],"wp:attachment":[{"href":"https:\/\/tatoulu.org\/index.php\/wp-json\/wp\/v2\/media?parent=93"}],"curies":[{"name":"wp","href":"https:\/\/api.w.org\/{rel}","templated":true}]}}