

{"id":932,"date":"2021-09-02T08:18:53","date_gmt":"2021-09-02T06:18:53","guid":{"rendered":"http:\/\/tatoulu.org\/?page_id=932"},"modified":"2022-07-17T18:54:49","modified_gmt":"2022-07-17T16:54:49","slug":"selections-prix-2022","status":"publish","type":"page","link":"https:\/\/tatoulu.org\/index.php\/selections-prix-2022\/","title":{"rendered":"S\u00e9lections prix 2022"},"content":{"rendered":"\n<p class=\"supp-marge-basse\">Voici les livres qui ont \u00e9t\u00e9 s\u00e9lectionn\u00e9s pour le prix Tatoulu 2022 :<\/p>\n\n\n\n<p class=\"texte-rouge has-small-font-size\"><em>(les livres prim\u00e9s sont en rouge)<\/em><\/p>\n\n\n\n<div class=\"tab-categorie has-small-font-size\">\n<table>\n<tbody><tr>\n<td colspan=\"2\" class=\"centrage fond-rose\">S\u00e9lection TATOU ROSE<\/td>\n<\/tr>\n<tr>\n<td class=\"centrage fond-rose\">Titre<\/td>\n<td class=\"centrage fond-rose\">Auteur<\/td>\n<\/tr>\n<tr>\n<td>Anelis et la mer <em>(Ed. Isatis)<\/em><\/td>\n<td>Beatriz Carvalho<\/td>\n<\/tr>\n<tr>\n<td>Le jardin <em>(Ed. Chandeigne)<\/em><\/td>\n<td>Elea Dos Santos<\/td>\n<\/tr>\n<tr>\n<td class=\"texte-rouge\">Un peu beaucoup <em>(Ed. EDL Pastel)<\/em><\/td>\n<td class=\"texte-rouge\">Olivier Tallec<\/td>\n<\/tr>\n<tr>\n<td>Qui suis-je ? <em>(Ed. Motus)<\/em><\/td>\n<td>Tony Durand<\/td>\n<\/tr>\n<tr>\n<td>L&rsquo;enfant fleuve <em>(Ed. Le diplodocus)<\/em><\/td>\n<td>C\u00e9cile Elma Roger \/ Eve Gentilhomme<\/td>\n<\/tr>\n<tr>\n<td>Le dernier des loups <em>(Ed. Rue du Monde)<\/em><\/td>\n<td>Mini Grey<\/td>\n<\/tr>\n<\/tbody>\n<\/table>\n<\/div>\n\n\n\n<div class=\"tab-categorie has-small-font-size\">\n<table>\n<tbody>\n<tr>\n<td class=\"centrage fond-jaune\" colspan=\"2\">S\u00e9lection TATOU JAUNE<\/td>\n<\/tr>\n<tr>\n<td class=\"centrage fond-jaune\">Titre<\/td>\n<td class=\"centrage fond-jaune\">Auteur<\/td>\n<\/tr>\n<tr>\n<td>Histoires saugrenues <em>(Ed. Orso)<\/em><\/td>\n<td>Olivier Dupin \/ S\u00e9verine Duchesne<\/td>\n<\/tr>\n<tr>\n<td>La collection <em>(Ed. Courtes et longues)<\/em><\/td>\n<td>Marjolaine Leray<\/td>\n<\/tr>\n<tr>\n<td>Les ballons du souvenir <em>(Ed. Circonflexe)<\/em><\/td>\n<td>Jessie Oliveros \/ Dana Wulfekotte<\/td>\n<\/tr>\n<tr>\n<td>Mirabelle Prunier <em>(Ed. du Rouergue)<\/em><\/td>\n<td>Henri Meunier \/ Nathalie Choux<\/td>\n<\/tr>\n<tr>\n<td>Quelqu&rsquo;un comme moi <em>(Ed. Alice)<\/em><\/td>\n<td>Francesca Dafne Vignaga<\/td>\n<\/tr>\n<tr>\n<td class=\"texte-rouge\">Sa majest\u00e9 Ver Sa\u00ef <em>(Ed. Alice)<\/em><\/td>\n<td class=\"texte-rouge\">J\u00e9r\u00f4me Camil<\/td>\n<\/tr><\/tbody>\n<\/table>\n<\/div>\n\n\n\n<div class=\"tab-categorie has-small-font-size\">\n<table>\n<tbody><tr>\n<td colspan=\"2\" class=\"centrage fond-vert\">S\u00e9lection TATOU VERT<\/td>\n<\/tr>\n<tr>\n<td class=\"centrage fond-vert\">Titre<\/td>\n<td class=\"centrage fond-vert\">Auteur<\/td>\n<\/tr>\n<tr>\n<td>Chamalla <em>(Ed. Motus)<\/em><\/td>\n<td>Claude Burneau \/ Alessia Bravo<\/td>\n<\/tr>\n<tr>\n<td>Le livre du rien <em>(Ed. Seuil Jeunesse)<\/em><\/td>\n<td>R\u00e9mi Courgeon<\/td>\n<\/tr>\n<tr>\n<td>Les oiseaux ont un roi <em>(Ed. Seuil Jeunesse)<\/em><\/td>\n<td>Dedieu<\/td>\n<\/tr>\n<tr>\n<td>Nuit \u00e9toil\u00e9e <em>(Ed. Hong Fe\u00ef)<\/em><\/td>\n<td>Jimmy Liao<\/td>\n<\/tr>\n<tr>\n<td class=\"texte-rouge\">La classe des mammouths <em>(Ed. Alice)<\/em><\/td>\n<td class=\"texte-rouge\">J\u00e9r\u00f4me Poncin \/ Ian de Haes<\/td>\n<\/tr>\n<tr>\n<td>Fechamos <em>(Ed. Editions des \u00e9l\u00e9phants)<\/em><\/td>\n<td>Gilles Baum \/ R\u00e9gis Lejonc<\/td>\n<\/tr>\n<\/tbody>\n<\/table>\n<\/div>\n\n\n\n<div class=\"tab-categorie has-small-font-size\">\n<table>\n<tbody><tr>\n<td colspan=\"2\" class=\"centrage fond-bleu\">S\u00e9lection TATOU BLEU<\/td>\n<\/tr>\n<tr>\n<td class=\"centrage fond-bleu\">Titre<\/td>\n<td class=\"centrage fond-bleu\">Auteur<\/td>\n<\/tr>\n<tr>\n<td>L&rsquo;\u00e9pouse de laque <em>(Ed. Seuil Jeunesse)<\/em><\/td>\n<td>Anne Jonas \/ Andrea Serio<\/td>\n<\/tr>\n<tr>\n<td class=\"texte-rouge\">Moi Achille superh\u00e9ros (sans la moustache) <em>(Ed. Magnard Jeunesse)<\/em><\/td>\n<td class=\"texte-rouge\">Mim \/ Beno\u00eet Bajon \/ Zelda Zonc<\/td>\n<\/tr>\n<tr>\n<td>Kid au premier sommet des animaux <em>(Ed. H\u00e9lium)<\/em><\/td>\n<td>Gw\u00e9na\u00ebl David \/ Simon Bailly<\/td>\n<\/tr>\n<tr>\n<td>La derni\u00e8re abeille <em>(Ed. H\u00e9lium)<\/em><\/td>\n<td>Ben Mac Dibble<\/td>\n<\/tr>\n<tr>\n<td>Percq en l&rsquo;\u00eele  <em>(Ed. Mazeto Square)<\/em><\/td>\n<td>Jean Villemin \/ Blaise Jamin<\/td>\n<\/tr>\n<tr>\n<td>L&rsquo;archet <em>(Ed. Cipango)<\/em><\/td>\n<td>H\u00e9l\u00e8ne Gloria \/ Pascale Maupou Boutry<\/td>\n<\/tr>\n<\/tbody>\n<\/table>\n<\/div>\n\n\n\n<div class=\"tab-categorie has-small-font-size\">\n<table>\n<tbody>\n<tr>\n<td class=\"centrage fond-violet\" colspan=\"2\">S\u00e9lection TATOU VIOLET<\/td>\n<\/tr>\n<tr>\n<td class=\"centrage fond-violet\">Titre<\/td>\n<td class=\"centrage fond-violet\">Auteur<\/td>\n<\/tr>\n<tr>\n<td>La derni\u00e8re abeille <em>(Ed. H\u00e9lium)<\/em><\/td>\n<td>Ben Mac Dibble<\/td>\n<\/tr>\n<tr>\n<td>Percq en l&rsquo;\u00eele  <em>(Ed. Mazeto Square)<\/em><\/td>\n<td>Jean Villemin \/ Blaise Jamin<\/td>\n<\/tr>\n<tr>\n<td>L&rsquo;archet <em>(Ed. Cipango)<\/em><\/td>\n<td>H\u00e9l\u00e8ne Gloria \/ Pascale Maupou Boutry<\/td>\n<\/tr>\n<tr>\n<td class=\"texte-rouge\">N\u00e9 coupable <em>(Ed. Talents Hauts)<\/em><\/td>\n<td class=\"texte-rouge\">Florence Cadier<\/td>\n<\/tr>\n<tr>\n<td>Et si demain, le retour <em>(Ed. Le Muscadier)<\/em><\/td>\n<td>Michel Piquemal<\/td>\n<\/tr>\n<tr>\n<td>Le gardien des Moabis <em>(Ed. Le Muscadier)<\/em><\/td>\n<td>C\u00e9line Jacquot<\/td>\n<\/tr>\n<\/tbody>\n<\/table>\n<\/div>\n\n\n\n<div class=\"tab-categorie has-small-font-size\">\n<table>\n<tbody>\n<tr>\n<td colspan=\"2\" class=\"centrage fond-rouge\">S\u00e9lection TATOU ROUGE<\/td>\n<\/tr>\n<tr>\n<td class=\"centrage fond-rouge\">Titre<\/td>\n<td class=\"centrage fond-rouge\">Auteur<\/td>\n<\/tr>\n<tr>\n<td class=\"texte-rouge\">N\u00e9 coupable <em>(Ed. Talents Hauts)<\/em><\/td>\n<td class=\"texte-rouge\">Florence Cadier<\/td>\n<\/tr>\n<tr>\n<td>Et si demain, le retour <em>(Ed. Le Muscadier)<\/em><\/td>\n<td>Michel Piquemal<\/td>\n<\/tr>\n<tr>\n<td>Le gardien des Moabis <em>(Ed. Le Muscadier)<\/em><\/td>\n<td>C\u00e9line Jacquot<\/td>\n<\/tr>\n<tr>\n<\/tr><tr>\n<td>ABC <em>(Ed. du Rouergue)<\/em><\/td>\n<td>Antonio Da Silva<\/td>\n<\/tr>\n<tr>\n<td>Les enfants du Lut\u00e9tia <em>(Ed. du Mercredi)<\/em><\/td>\n<td>Rachel Corenblit<\/td>\n<\/tr>\n<tr>\n<td>La dame des murs <em>(Ed. Castelmore)<\/em><\/td>\n<td>Sil\u00e8ne Edgar<\/td>\n<\/tr>\n<\/tbody>\n<\/table>\n<\/div>\n\n\n\n<div class=\"tab-categorie has-small-font-size\">\n<table>\n<tbody>\n<tr>\n<td class=\"centrage\" colspan=\"2\">S\u00e9lection TATOU BLANC<\/td>\n<\/tr>\n<tr>\n<td class=\"centrage\">Titre<\/td>\n<td class=\"centrage\">Auteur<\/td>\n<\/tr>\n<tr>\n<td>La faille <em>(Ed. Le Muscadier)<\/em><\/td>\n<td>Laetitia Casado<\/td>\n<\/tr>\n<tr>\n<td>Un jour sans gloire <em>(Ed. Talents Hauts)<\/em><\/td>\n<td>Florence Cadier<\/td>\n<\/tr>\n<tr>\n<td>L&rsquo;incroyable voyage de Coyote Sunrise <em>(Ed. PKJ)<\/em><\/td>\n<td>Dan Gemeinhart<\/td>\n<\/tr>\n<tr>\n<td>J&rsquo;ai 14 ans et ce n&rsquo;est pas une bonne nouvelle <em>(Ed. Actes Sud)<\/em><\/td>\n<td>Jo Witek<\/td>\n<\/tr>\n<tr>\n<td>Touche-moi <em>(Ed. Thierry Magnier)<\/em><\/td>\n<td>Suzie Morgenstern<\/td>\n<\/tr>\n<tr>\n<td class=\"texte-rouge\">Notre monstre <em>(Ed. Rageot)<\/em><\/td>\n<td class=\"texte-rouge\">Agn\u00e8s Laroche<\/td>\n<\/tr>\n<\/tbody>\n<\/table>\n<\/div>\n\n\n\n<div class=\"tab-categorie has-small-font-size\">\n<table>\n<tbody>\n<tr>\n<td class=\"centrage fond-noir\" colspan=\"2\">S\u00e9lection TATOU NOIR<\/td>\n<\/tr>\n<tr>\n<td class=\"centrage fond-noir\">Titre<\/td>\n<td class=\"centrage fond-noir\">Auteur<\/td>\n<\/tr>\n<tr>\n<td>Le d\u00e9mon de la colline aux loups <em>(Ed. Le Tripode)<\/em><\/td>\n<td>Dimitri Rouchon-Borie<\/td>\n<\/tr>\n<tr>\n<td>Les \u00e9corch\u00e9s <em>(Ed. Calicot)<\/em><\/td>\n<td>Fr\u00e9d\u00e9ric Vincl\u00e8re<\/td>\n<\/tr>\n<tr>\n<td>Le jour o\u00f9 je suis mort et les suivants <em>(Ed. Alice)<\/em><\/td>\n<td>Sandrine Beau<\/td>\n<\/tr>\n<tr>\n<td>Point de fuite <em>(Ed. Gulfstream)<\/em><\/td>\n<td>Marie Colot \/ Nancy Guilbert<\/td>\n<\/tr>\n<tr>\n<td>Les filles du vent <em>(Ed. Charleston)<\/em><\/td>\n<td>Mathilde Faure<\/td>\n<\/tr>\n<tr>\n<td class=\"texte-rouge\">RC2722 <em>(Ed. Didier Jeunesse)<\/em><\/td>\n<td class=\"texte-rouge\">David Moitet<\/td>\n<\/tr>\n<\/tbody>\n<\/table><\/div>\n\n\n\n<p><\/p>\n","protected":false},"excerpt":{"rendered":"<p>Voici les livres qui ont \u00e9t\u00e9 s\u00e9lectionn\u00e9s pour le prix Tatoulu 2022 : (les livres prim\u00e9s sont en rouge) S\u00e9lection TATOU ROSE Titre Auteur Anelis et la mer (Ed. Isatis) Beatriz Carvalho Le jardin (Ed. Chandeigne) Elea Dos Santos Un peu beaucoup (Ed. EDL Pastel) Olivier Tallec Qui suis-je ? (Ed. Motus) Tony Durand L&rsquo;enfant &hellip; <a href=\"https:\/\/tatoulu.org\/index.php\/selections-prix-2022\/\" class=\"more-link\">Continuer la lecture<span class=\"screen-reader-text\"> de &laquo;&nbsp;S\u00e9lections prix 2022&nbsp;&raquo;<\/span><\/a><\/p>\n","protected":false},"author":5,"featured_media":0,"parent":0,"menu_order":0,"comment_status":"closed","ping_status":"closed","template":"","meta":{"footnotes":""},"class_list":["post-932","page","type-page","status-publish","hentry"],"_links":{"self":[{"href":"https:\/\/tatoulu.org\/index.php\/wp-json\/wp\/v2\/pages\/932","targetHints":{"allow":["GET"]}}],"collection":[{"href":"https:\/\/tatoulu.org\/index.php\/wp-json\/wp\/v2\/pages"}],"about":[{"href":"https:\/\/tatoulu.org\/index.php\/wp-json\/wp\/v2\/types\/page"}],"author":[{"embeddable":true,"href":"https:\/\/tatoulu.org\/index.php\/wp-json\/wp\/v2\/users\/5"}],"replies":[{"embeddable":true,"href":"https:\/\/tatoulu.org\/index.php\/wp-json\/wp\/v2\/comments?post=932"}],"version-history":[{"count":25,"href":"https:\/\/tatoulu.org\/index.php\/wp-json\/wp\/v2\/pages\/932\/revisions"}],"predecessor-version":[{"id":1187,"href":"https:\/\/tatoulu.org\/index.php\/wp-json\/wp\/v2\/pages\/932\/revisions\/1187"}],"wp:attachment":[{"href":"https:\/\/tatoulu.org\/index.php\/wp-json\/wp\/v2\/media?parent=932"}],"curies":[{"name":"wp","href":"https:\/\/api.w.org\/{rel}","templated":true}]}}